{"id":58,"date":"2022-11-16T08:35:05","date_gmt":"2022-11-16T08:35:05","guid":{"rendered":"https:\/\/angfuzsoft.com\/wordpress\/pizzer\/?page_id=58"},"modified":"2025-02-28T09:42:22","modified_gmt":"2025-02-28T09:42:22","slug":"contacto","status":"publish","type":"page","link":"https:\/\/www.restaurantedominique.com\/en\/contacto","title":{"rendered":"Contact"},"content":{"rendered":"\t\t<div data-elementor-type=\"wp-page\" data-elementor-id=\"58\" class=\"elementor elementor-58\" data-elementor-post-type=\"page\">\n\t\t\t\t\t\t<section class=\"elementor-section elementor-top-section elementor-element elementor-element-9786c2e elementor-section-full_width elementor-section-height-default elementor-section-height-default\" data-id=\"9786c2e\" data-element_type=\"section\" data-e-type=\"section\" data-settings=\"{&quot;background_background&quot;:&quot;classic&quot;}\">\n\t\t\t\t\t\t<div class=\"elementor-container elementor-column-gap-no\">\n\t\t\t\t\t<div class=\"elementor-column elementor-col-100 elementor-top-column elementor-element elementor-element-290bac0\" data-id=\"290bac0\" data-element_type=\"column\" data-e-type=\"column\">\n\t\t\t<div class=\"elementor-widget-wrap elementor-element-populated\">\n\t\t\t\t \t\t<div class=\"elementor-element elementor-element-ae94022 elementor-hidden-mobile elementor-widget elementor-widget-pizzershapeimage\" data-id=\"ae94022\" data-element_type=\"widget\" data-e-type=\"widget\" data-widget_type=\"pizzershapeimage.default\">\n\t\t\t\t<div class=\"elementor-widget-container\">\n\t\t\t\t\t<!-- Image --><div class=\"shape-mockup  jump  \" data-top=\"10%\" data-left=\"5%\"><img decoding=\"async\" src=\"https:\/\/themeholy.com\/wordpress\/pizzan\/wp-content\/uploads\/2023\/06\/cherry_1.png\" alt=\"Restaurante Dominique\" ><\/div><!-- End Image -->\t\t\t\t<\/div>\n\t\t\t\t<\/div>\n\t\t\t\t<div class=\"elementor-element elementor-element-1669252 elementor-hidden-mobile elementor-widget elementor-widget-pizzershapeimage\" data-id=\"1669252\" data-element_type=\"widget\" data-e-type=\"widget\" data-widget_type=\"pizzershapeimage.default\">\n\t\t\t\t<div class=\"elementor-widget-container\">\n\t\t\t\t\t<!-- Image --><div class=\"shape-mockup  jump  \" data-bottom=\"26%\" data-right=\"3%\"><img decoding=\"async\" src=\"https:\/\/themeholy.com\/wordpress\/pizzan\/wp-content\/uploads\/2023\/06\/shape_5.png\" alt=\"Restaurante Dominique\" ><\/div><!-- End Image -->\t\t\t\t<\/div>\n\t\t\t\t<\/div>\n\t\t\t\t<section class=\"elementor-section elementor-inner-section elementor-element elementor-element-fdc7ba8 elementor-section-boxed elementor-section-height-default elementor-section-height-default\" data-id=\"fdc7ba8\" data-element_type=\"section\" data-e-type=\"section\">\n\t\t\t\t\t\t<div class=\"elementor-container elementor-column-gap-no\">\n\t\t\t\t\t<div class=\"elementor-column elementor-col-100 elementor-inner-column elementor-element elementor-element-def3446\" data-id=\"def3446\" data-element_type=\"column\" data-e-type=\"column\">\n\t\t\t<div class=\"elementor-widget-wrap\">\n\t\t\t\t\t\t\t<\/div>\n\t\t<\/div>\n\t\t\t\t\t<\/div>\n\t\t<\/section>\n\t\t\t\t<section class=\"elementor-section elementor-inner-section elementor-element elementor-element-334f93c elementor-section-boxed elementor-section-height-default elementor-section-height-default\" data-id=\"334f93c\" data-element_type=\"section\" data-e-type=\"section\">\n\t\t\t\t\t\t<div class=\"elementor-container elementor-column-gap-no\">\n\t\t\t\t\t<div class=\"elementor-column elementor-col-100 elementor-inner-column elementor-element elementor-element-18b8623\" data-id=\"18b8623\" data-element_type=\"column\" data-e-type=\"column\">\n\t\t\t<div class=\"elementor-widget-wrap\">\n\t\t\t\t\t\t\t<\/div>\n\t\t<\/div>\n\t\t\t\t\t<\/div>\n\t\t<\/section>\n\t\t\t\t\t<\/div>\n\t\t<\/div>\n\t\t\t\t\t<\/div>\n\t\t<\/section>\n\t\t\t\t<section class=\"elementor-section elementor-top-section elementor-element elementor-element-56d7073 elementor-section-boxed elementor-section-height-default elementor-section-height-default\" data-id=\"56d7073\" data-element_type=\"section\" data-e-type=\"section\">\n\t\t\t\t\t\t<div class=\"elementor-container elementor-column-gap-no\">\n\t\t\t\t\t<div class=\"elementor-column elementor-col-100 elementor-top-column elementor-element elementor-element-84b54b5\" data-id=\"84b54b5\" data-element_type=\"column\" data-e-type=\"column\">\n\t\t\t<div class=\"elementor-widget-wrap elementor-element-populated\">\n\t\t\t\t\t\t<section class=\"elementor-section elementor-inner-section elementor-element elementor-element-0b52ea0 elementor-section-full_width elementor-section-height-default elementor-section-height-default\" data-id=\"0b52ea0\" data-element_type=\"section\" data-e-type=\"section\">\n\t\t\t\t\t\t<div class=\"elementor-container elementor-column-gap-no\">\n\t\t\t\t\t<div class=\"elementor-column elementor-col-100 elementor-inner-column elementor-element elementor-element-b91d897\" data-id=\"b91d897\" data-element_type=\"column\" data-e-type=\"column\">\n\t\t\t<div class=\"elementor-widget-wrap elementor-element-populated\">\n\t\t\t\t\t\t<div class=\"elementor-element elementor-element-25ed274 elementor-widget elementor-widget-pizzercontactinfov2\" data-id=\"25ed274\" data-element_type=\"widget\" data-e-type=\"widget\" data-widget_type=\"pizzercontactinfov2.default\">\n\t\t\t\t<div class=\"elementor-widget-container\">\n\t\t\t\t\t<div class=\"row gy-4\"><div class=\"col-xl-3 col-sm-6\"><div class=\"contact-feature\"><div class=\"contact-feature_icon\"><img decoding=\"async\" src=\"https:\/\/themeholy.com\/wordpress\/pizzan\/wp-content\/uploads\/2023\/06\/contact_feature_1.svg\" alt=\"Icon\"><\/div><h4 class=\"box-title\">Direcci\u00f3n<\/h4><span class=\"contact-feature_text\">Pso. maritimo Rey de Espa\u00f1a 83 Ed. Espa\u00f1a\n29640 \u2013 Fuengirola<\/span><\/div><\/div><div class=\"col-xl-3 col-sm-6\"><div class=\"contact-feature\"><div class=\"contact-feature_icon\"><img decoding=\"async\" src=\"https:\/\/themeholy.com\/wordpress\/pizzan\/wp-content\/uploads\/2023\/06\/contact_feature_2.svg\" alt=\"Icon\"><\/div><h4 class=\"box-title\">Correo electr\u00f3nico<\/h4><span class=\"contact-feature_text\"><a href=\"mailto:reservas@restaurantedominique.com\">reservas@restaurantedominique.com<\/a><a href=\"mailto:\"><\/a><\/span><\/div><\/div><div class=\"col-xl-3 col-sm-6\"><div class=\"contact-feature\"><div class=\"contact-feature_icon\"><img decoding=\"async\" src=\"https:\/\/themeholy.com\/wordpress\/pizzan\/wp-content\/uploads\/2023\/06\/contact_feature_3.svg\" alt=\"Icon\"><\/div><h4 class=\"box-title\">Tel\u00e9fono<\/h4><span class=\"contact-feature_text\"><a href=\"tel:+34952199309\">+34 952 199 309<\/a><a href=\"tel:+34616765447\">+34 616 765 447<\/a><\/span><\/div><\/div><div class=\"col-xl-3 col-sm-6\"><div class=\"contact-feature\"><div class=\"contact-feature_icon\"><img decoding=\"async\" src=\"https:\/\/themeholy.com\/wordpress\/pizzan\/wp-content\/uploads\/2023\/06\/contact_feature_4.svg\" alt=\"Icon\"><\/div><h4 class=\"box-title\">Horario de atenci\u00f3n<\/h4><span class=\"contact-feature_text\">Lunes a Domingo<\/span><\/div><\/div><\/div>\t\t\t\t<\/div>\n\t\t\t\t<\/div>\n\t\t\t\t<div class=\"elementor-element elementor-element-33096b9 elementor-widget elementor-widget-pizzersectiontitle\" data-id=\"33096b9\" data-element_type=\"widget\" data-e-type=\"widget\" data-widget_type=\"pizzersectiontitle.default\">\n\t\t\t\t<div class=\"elementor-widget-container\">\n\t\t\t\t\t<div class=\"title-area mb-30\" ><h4 class=\"sec-title title-selector\">Una reserva para ser v\u00e1lida debe de estar confirmada por el restaurante. \nGracias.<\/h4><\/div>\t\t\t\t<\/div>\n\t\t\t\t<\/div>\n\t\t\t\t\t<\/div>\n\t\t<\/div>\n\t\t\t\t\t<\/div>\n\t\t<\/section>\n\t\t\t\t\t<\/div>\n\t\t<\/div>\n\t\t\t\t\t<\/div>\n\t\t<\/section>\n\t\t\t\t<section class=\"elementor-section elementor-top-section elementor-element elementor-element-467c710 elementor-section-full_width elementor-section-height-default elementor-section-height-default\" data-id=\"467c710\" data-element_type=\"section\" data-e-type=\"section\">\n\t\t\t\t\t\t<div class=\"elementor-container elementor-column-gap-no\">\n\t\t\t\t\t<div class=\"elementor-column elementor-col-100 elementor-top-column elementor-element elementor-element-2aaadff\" data-id=\"2aaadff\" data-element_type=\"column\" data-e-type=\"column\">\n\t\t\t<div class=\"elementor-widget-wrap elementor-element-populated\">\n\t\t\t\t\t\t<div class=\"elementor-element elementor-element-8abaf1c elementor-widget elementor-widget-google_maps\" data-id=\"8abaf1c\" data-element_type=\"widget\" data-e-type=\"widget\" data-widget_type=\"google_maps.default\">\n\t\t\t\t<div class=\"elementor-widget-container\">\n\t\t\t\t\t\t\t<div class=\"elementor-custom-embed\">\n\t\t\t<iframe loading=\"lazy\"\n\t\t\t\t\tsrc=\"https:\/\/maps.google.com\/maps?q=Pso.%20maritimo%20Rey%20de%20Espa%C3%B1a%2083%20Ed.%20Espa%C3%B1a%2029640%20%E2%80%93%20Fuengirola&#038;t=m&#038;z=18&#038;output=embed&#038;iwloc=near\"\n\t\t\t\t\ttitle=\"Pso. maritimo Rey de Espa\u00f1a 83 Ed. Espa\u00f1a 29640 \u2013 Fuengirola\"\n\t\t\t\t\taria-label=\"Pso. maritimo Rey de Espa\u00f1a 83 Ed. Espa\u00f1a 29640 \u2013 Fuengirola\"\n\t\t\t><\/iframe>\n\t\t<\/div>\n\t\t\t\t\t\t<\/div>\n\t\t\t\t<\/div>\n\t\t\t\t\t<\/div>\n\t\t<\/div>\n\t\t\t\t\t<\/div>\n\t\t<\/section>\n\t\t\t\t<section class=\"elementor-section elementor-top-section elementor-element elementor-element-82fc87b elementor-section-boxed elementor-section-height-default elementor-section-height-default\" data-id=\"82fc87b\" data-element_type=\"section\" data-e-type=\"section\">\n\t\t\t\t\t\t<div class=\"elementor-container elementor-column-gap-no\">\n\t\t\t\t\t<div class=\"elementor-column elementor-col-100 elementor-top-column elementor-element elementor-element-cbb8a42\" data-id=\"cbb8a42\" data-element_type=\"column\" data-e-type=\"column\">\n\t\t\t<div class=\"elementor-widget-wrap elementor-element-populated\">\n\t\t\t\t\t\t<div class=\"elementor-element elementor-element-5b47fbf elementor-widget elementor-widget-wpforms\" data-id=\"5b47fbf\" data-element_type=\"widget\" data-e-type=\"widget\" data-widget_type=\"wpforms.default\">\n\t\t\t\t<div class=\"elementor-widget-container\">\n\t\t\t\t\t<style id=\"wpforms-css-vars-elementor-widget-5b47fbf\">\n\t\t\t\t.elementor-widget-wpforms.elementor-element-5b47fbf {\n\t\t\t\t--wpforms-field-size-input-height: 31px;\n--wpforms-field-size-input-spacing: 10px;\n--wpforms-field-size-font-size: 14px;\n--wpforms-field-size-line-height: 17px;\n--wpforms-field-size-padding-h: 9px;\n--wpforms-field-size-checkbox-size: 14px;\n--wpforms-field-size-sublabel-spacing: 5px;\n--wpforms-field-size-icon-size: 0.75;\n--wpforms-button-size-font-size: 20px;\n--wpforms-button-size-height: 48px;\n--wpforms-button-size-padding-h: 20px;\n--wpforms-button-size-margin-top: 15px;\n\t\t\t}\n\t\t\t<\/style><div class=\"wpforms-container wpforms-container-full wpforms-render-modern\" id=\"wpforms-5792\"><form id=\"wpforms-form-5792\" class=\"wpforms-validate wpforms-form wpforms-ajax-form\" data-formid=\"5792\" method=\"post\" enctype=\"multipart\/form-data\" action=\"\/en\/wp-json\/wp\/v2\/pages\/58\" data-token=\"1e51b00e79191d6991778abf3cb1588c\" data-token-time=\"1776611404\"><noscript class=\"wpforms-error-noscript\">Please enable JavaScript in your browser to complete this form.<\/noscript><div id=\"wpforms-error-noscript\" style=\"display: none;\">Please enable JavaScript in your browser to complete this form.<\/div><div class=\"wpforms-field-container\"><div id=\"wpforms-5792-field_0-container\" class=\"wpforms-field wpforms-field-name\" data-field-id=\"0\"><fieldset><legend class=\"wpforms-field-label\">Nombre <span class=\"wpforms-required-label\" aria-hidden=\"true\">*<\/span><\/legend><div class=\"wpforms-field-row wpforms-field-medium\"><div class=\"wpforms-field-row-block wpforms-first wpforms-one-half\"><input type=\"text\" id=\"wpforms-5792-field_0\" class=\"wpforms-field-name-first wpforms-field-required\" name=\"wpforms[fields][0][first]\" aria-errormessage=\"wpforms-5792-field_0-error\" required><label for=\"wpforms-5792-field_0\" class=\"wpforms-field-sublabel after\">First<\/label><\/div><div class=\"wpforms-field-row-block wpforms-one-half\"><input type=\"text\" id=\"wpforms-5792-field_0-last\" class=\"wpforms-field-name-last wpforms-field-required\" name=\"wpforms[fields][0][last]\" aria-errormessage=\"wpforms-5792-field_0-last-error\" required><label for=\"wpforms-5792-field_0-last\" class=\"wpforms-field-sublabel after\">Last<\/label><\/div><\/div><\/fieldset><\/div><div id=\"wpforms-5792-field_1-container\" class=\"wpforms-field wpforms-field-email\" data-field-id=\"1\"><label class=\"wpforms-field-label\" for=\"wpforms-5792-field_1\">Correo electr\u00f3nico <span class=\"wpforms-required-label\" aria-hidden=\"true\">*<\/span><\/label><input type=\"email\" id=\"wpforms-5792-field_1\" class=\"wpforms-field-medium wpforms-field-required\" name=\"wpforms[fields][1]\" spellcheck=\"false\" aria-errormessage=\"wpforms-5792-field_1-error\" required><\/div><div id=\"wpforms-5792-field_2-container\" class=\"wpforms-field wpforms-field-textarea\" data-field-id=\"2\"><label class=\"wpforms-field-label\" for=\"wpforms-5792-field_2\">Comentario o mensaje<\/label><textarea id=\"wpforms-5792-field_2\" class=\"wpforms-field-medium\" name=\"wpforms[fields][2]\" aria-errormessage=\"wpforms-5792-field_2-error\" ><\/textarea><\/div><\/div><!-- .wpforms-field-container --><div class=\"wpforms-submit-container\" ><input type=\"hidden\" name=\"wpforms[id]\" value=\"5792\"><input type=\"hidden\" name=\"page_title\" value=\"\"><input type=\"hidden\" name=\"page_url\" value=\"https:\/\/www.restaurantedominique.com\/en\/wp-json\/wp\/v2\/pages\/58\"><input type=\"hidden\" name=\"url_referer\" value=\"\"><button type=\"submit\" name=\"wpforms[submit]\" id=\"wpforms-submit-5792\" class=\"wpforms-submit\" data-alt-text=\"Enviando...\" data-submit-text=\"Enviar\" aria-live=\"assertive\" value=\"wpforms-submit\">Enviar<\/button><img decoding=\"async\" src=\"https:\/\/www.restaurantedominique.com\/wp-content\/plugins\/wpforms-lite\/assets\/images\/submit-spin.svg\" class=\"wpforms-submit-spinner\" style=\"display: none;\" width=\"26\" height=\"26\" alt=\"Loading\"><\/div><\/form><\/div>  <!-- .wpforms-container -->\t\t\t\t<\/div>\n\t\t\t\t<\/div>\n\t\t\t\t\t<\/div>\n\t\t<\/div>\n\t\t\t\t\t<\/div>\n\t\t<\/section>\n\t\t\t\t<\/div>\n\t\t","protected":false},"excerpt":{"rendered":"<p>Direcci\u00f3n Pso. maritimo Rey de Espa\u00f1a 83 Ed. Espa\u00f1a 29640 \u2013 Fuengirola Correo electr\u00f3nico reservas@restaurantedominique.com Tel\u00e9fono +34 952 199 309+34 616 765 447 Horario de atenci\u00f3n Lunes a Domingo Una reserva para ser v\u00e1lida debe de estar confirmada por el restaurante. Gracias. Por favor, activa JavaScript en tu navegador para completar este formulario.Por favor, activa&#8230;<\/p>","protected":false},"author":4,"featured_media":0,"parent":0,"menu_order":0,"comment_status":"closed","ping_status":"closed","template":"template-builder.php","meta":{"footnotes":""},"class_list":["post-58","page","type-page","status-publish","hentry"],"_links":{"self":[{"href":"https:\/\/www.restaurantedominique.com\/en\/wp-json\/wp\/v2\/pages\/58","targetHints":{"allow":["GET"]}}],"collection":[{"href":"https:\/\/www.restaurantedominique.com\/en\/wp-json\/wp\/v2\/pages"}],"about":[{"href":"https:\/\/www.restaurantedominique.com\/en\/wp-json\/wp\/v2\/types\/page"}],"author":[{"embeddable":true,"href":"https:\/\/www.restaurantedominique.com\/en\/wp-json\/wp\/v2\/users\/4"}],"replies":[{"embeddable":true,"href":"https:\/\/www.restaurantedominique.com\/en\/wp-json\/wp\/v2\/comments?post=58"}],"version-history":[{"count":38,"href":"https:\/\/www.restaurantedominique.com\/en\/wp-json\/wp\/v2\/pages\/58\/revisions"}],"predecessor-version":[{"id":5869,"href":"https:\/\/www.restaurantedominique.com\/en\/wp-json\/wp\/v2\/pages\/58\/revisions\/5869"}],"wp:attachment":[{"href":"https:\/\/www.restaurantedominique.com\/en\/wp-json\/wp\/v2\/media?parent=58"}],"curies":[{"name":"wp","href":"https:\/\/api.w.org\/{rel}","templated":true}]}}