{"id":5567,"date":"2023-07-17T18:06:08","date_gmt":"2023-07-17T18:06:08","guid":{"rendered":"https:\/\/www.restaurantedominique.com\/?page_id=5567"},"modified":"2026-03-21T18:41:07","modified_gmt":"2026-03-21T18:41:07","slug":"ensaladas","status":"publish","type":"page","link":"https:\/\/www.restaurantedominique.com\/en\/ensaladas","title":{"rendered":"Salads"},"content":{"rendered":"<div data-elementor-type=\"wp-page\" data-elementor-id=\"5567\" class=\"elementor elementor-5567\" data-elementor-post-type=\"page\">\n\t\t\t\t\t\t<section class=\"elementor-section elementor-top-section elementor-element elementor-element-79a5392 elementor-section-full_width elementor-section-height-default elementor-section-height-default\" data-id=\"79a5392\" data-element_type=\"section\" data-e-type=\"section\" data-settings=\"{&quot;background_background&quot;:&quot;classic&quot;}\">\n\t\t\t\t\t\t<div class=\"elementor-container elementor-column-gap-no\">\n\t\t\t\t\t<div class=\"elementor-column elementor-col-100 elementor-top-column elementor-element elementor-element-b96725b\" data-id=\"b96725b\" data-element_type=\"column\" data-e-type=\"column\">\n\t\t\t<div class=\"elementor-widget-wrap elementor-element-populated\">\n\t\t\t\t\t\t<section class=\"elementor-section elementor-inner-section elementor-element elementor-element-4d69611 elementor-section-boxed elementor-section-height-default elementor-section-height-default\" data-id=\"4d69611\" data-element_type=\"section\" data-e-type=\"section\">\n\t\t\t\t\t\t<div class=\"elementor-container elementor-column-gap-no\">\n\t\t\t\t\t<div class=\"elementor-column elementor-col-100 elementor-inner-column elementor-element elementor-element-d5b2844\" data-id=\"d5b2844\" data-element_type=\"column\" data-e-type=\"column\">\n\t\t\t<div class=\"elementor-widget-wrap\">\n\t\t\t\t\t\t\t<\/div>\n\t\t<\/div>\n\t\t\t\t\t<\/div>\n\t\t<\/section>\n\t\t \t\t<div class=\"elementor-element elementor-element-d34b1e9 elementor-hidden-mobile elementor-widget elementor-widget-pizzershapeimage\" data-id=\"d34b1e9\" data-element_type=\"widget\" data-e-type=\"widget\" data-widget_type=\"pizzershapeimage.default\">\n\t\t\t\t<div class=\"elementor-widget-container\">\n\t\t\t\t\t<!-- Image --><div class=\"shape-mockup  jump\" data-top=\"10%\" data-left=\"5%\"><img decoding=\"async\" src=\"https:\/\/themeholy.com\/wordpress\/pizzan\/wp-content\/uploads\/2023\/06\/capsicum_1.png\" alt=\"Restaurante Dominique\" ><\/div><!-- End Image -->\t\t\t\t<\/div>\n\t\t\t\t<\/div>\n\t\t\t\t<div class=\"elementor-element elementor-element-1c6dd03 elementor-hidden-mobile elementor-widget elementor-widget-pizzershapeimage\" data-id=\"1c6dd03\" data-element_type=\"widget\" data-e-type=\"widget\" data-widget_type=\"pizzershapeimage.default\">\n\t\t\t\t<div class=\"elementor-widget-container\">\n\t\t\t\t\t<!-- Image --><div class=\"shape-mockup  jump-reverse\" data-top=\"30%\" data-right=\"0.001%\"><img decoding=\"async\" src=\"https:\/\/themeholy.com\/wordpress\/pizzan\/wp-content\/uploads\/2023\/06\/tomato_5.png\" alt=\"Restaurante Dominique\" ><\/div><!-- End Image -->\t\t\t\t<\/div>\n\t\t\t\t<\/div>\n\t\t\t\t<div class=\"elementor-element elementor-element-80f9209 elementor-widget elementor-widget-pizzersectiontitle\" data-id=\"80f9209\" data-element_type=\"widget\" data-e-type=\"widget\" data-widget_type=\"pizzersectiontitle.default\">\n\t\t\t\t<div class=\"elementor-widget-container\">\n\t\t\t\t\t<div class=\"title-area mb-30\" ><span class=\"sub-title subtitle-selector\">Salads<\/span><h2 class=\"sec-title title-selector\">De La Carta 11:00 A 00:00<\/h2><\/div>\t\t\t\t<\/div>\n\t\t\t\t<\/div>\n\t\t\t\t<div class=\"elementor-element elementor-element-eb8aeae elementor-hidden-mobile elementor-widget elementor-widget-pizzershapeimage\" data-id=\"eb8aeae\" data-element_type=\"widget\" data-e-type=\"widget\" data-widget_type=\"pizzershapeimage.default\">\n\t\t\t\t<div class=\"elementor-widget-container\">\n\t\t\t\t\t<!-- Image --><div class=\"shape-mockup  jump-reverse\" data-bottom=\"10%\" data-left=\"4%\"><img decoding=\"async\" src=\"https:\/\/themeholy.com\/wordpress\/pizzan\/wp-content\/uploads\/2023\/06\/red_chili.png\" alt=\"Restaurante Dominique\" ><\/div><!-- End Image -->\t\t\t\t<\/div>\n\t\t\t\t<\/div>\n\t\t\t\t<div class=\"elementor-element elementor-element-ac99c38 elementor-hidden-mobile elementor-widget elementor-widget-pizzershapeimage\" data-id=\"ac99c38\" data-element_type=\"widget\" data-e-type=\"widget\" data-widget_type=\"pizzershapeimage.default\">\n\t\t\t\t<div class=\"elementor-widget-container\">\n\t\t\t\t\t<!-- Image --><div class=\"shape-mockup  jump\" data-bottom=\"-5%\" data-right=\"1%\"><img decoding=\"async\" src=\"https:\/\/themeholy.com\/wordpress\/pizzan\/wp-content\/uploads\/2023\/06\/red_chili_2-4.png\" alt=\"Restaurante Dominique\" ><\/div><!-- End Image -->\t\t\t\t<\/div>\n\t\t\t\t<\/div>\n\t\t\t\t\t<\/div>\n\t\t<\/div>\n\t\t\t\t\t<\/div>\n\t\t<\/section>\n\t\t\t\t<section class=\"elementor-section elementor-top-section elementor-element elementor-element-d7072e0 elementor-section-boxed elementor-section-height-default elementor-section-height-default\" data-id=\"d7072e0\" data-element_type=\"section\" data-e-type=\"section\">\n\t\t\t\t\t\t<div class=\"elementor-container elementor-column-gap-default\">\n\t\t\t\t\t<div class=\"elementor-column elementor-col-100 elementor-top-column elementor-element elementor-element-bbc747c\" data-id=\"bbc747c\" data-element_type=\"column\" data-e-type=\"column\">\n\t\t\t<div class=\"elementor-widget-wrap elementor-element-populated\">\n\t\t\t\t\t\t<section class=\"elementor-section elementor-inner-section elementor-element elementor-element-cfccff4 elementor-section-boxed elementor-section-height-default elementor-section-height-default\" data-id=\"cfccff4\" data-element_type=\"section\" data-e-type=\"section\">\n\t\t\t\t\t\t<div class=\"elementor-container elementor-column-gap-default\">\n\t\t\t\t\t<div class=\"elementor-column elementor-col-50 elementor-inner-column elementor-element elementor-element-cce3437\" data-id=\"cce3437\" data-element_type=\"column\" data-e-type=\"column\">\n\t\t\t<div class=\"elementor-widget-wrap elementor-element-populated\">\n\t\t\t\t\t\t<div class=\"elementor-element elementor-element-1dc3d03 elementor-widget elementor-widget-narestaurant_unique_food_menu\" data-id=\"1dc3d03\" data-element_type=\"widget\" data-e-type=\"widget\" data-widget_type=\"narestaurant_unique_food_menu.default\">\n\t\t\t\t<div class=\"elementor-widget-container\">\n\t\t\t\t\t<div class=\"narep-food-menu-wrap\"><div class=\"narep-food-menu-item-wrap zoom-image no-img\">\n\t\t\t\t\t\t\t\t\t\t\t              <div class=\"narep-food-menu-info\"><h4 class=\"narep-food-menu-title\"><span class=\"food-title\">ENSALADAS<\/span><\/h4><p>16,95\u20ac DE LA CASA.<br>\n\nAt\u00fan, huevo, queso feta, aguacate, salm\u00f3n ahumado.<br>\n\n13,95\u20ac BURRATA.<br>\n\nTomate, burrata,, lechuga, rucula, frutos secos, cebolla morada, manzana albahaca.<br>\n\n15,95\u20ac CESAR.<br>\n\nBacon, lagrima de pollo, queso parmesano, huevo duro, cebolla morada, tomate, picatoste.<br>\n\n14,25\u20ac QUESO DE CABRA.<br>\n\nR\u00facula, queso de cabra, pi\u00f1a, frutos secos, tomate, cebolla morada, reducci\u00f3n Pedro Xim\u00e9nez .<br>\n\n14,95\u20ac TROPICAL.<br>\n\nAguacate, langostinos, melocot\u00f3n en alm\u00edbar, pi\u00f1a en alm\u00edbar, kiwi, manzana, bocas de mar, frutos secos, salsa rosa\n<\/p><\/div>\n\t\t\t\t\t\t\t\t\t\t\t            <\/div><\/div>\t\t\t\t<\/div>\n\t\t\t\t<\/div>\n\t\t\t\t\t<\/div>\n\t\t<\/div>\n\t\t\t\t<div class=\"elementor-column elementor-col-50 elementor-inner-column elementor-element elementor-element-6c665b7\" data-id=\"6c665b7\" data-element_type=\"column\" data-e-type=\"column\">\n\t\t\t<div class=\"elementor-widget-wrap elementor-element-populated\">\n\t\t\t\t\t\t<div class=\"elementor-element elementor-element-5441564 elementor-widget elementor-widget-narestaurant_unique_food_menu\" data-id=\"5441564\" data-element_type=\"widget\" data-e-type=\"widget\" data-widget_type=\"narestaurant_unique_food_menu.default\">\n\t\t\t\t<div class=\"elementor-widget-container\">\n\t\t\t\t\t<div class=\"narep-food-menu-wrap\"><div class=\"narep-food-menu-item-wrap zoom-image no-img\">\n\t\t\t\t\t\t\t\t\t\t\t              <div class=\"narep-food-menu-info\"><h4 class=\"narep-food-menu-title\"><span class=\"food-title\">SALADS<\/span><\/h4><p>16,95\u20ac HOUSE.<br>\nTuna, feta cheese, boiled egg, avocado, smoked salmon.<br>\n13,95\u20ac BURRATA.<br>\nTomato, burrata, lettuce, basil, rocket, dried fruits, nuts, red onion, apple.<br>\n15,95\u20ac CAESARr.<br>\nBacon, chicken goujons, parmesan, boiled egg, tomato, croutons, red onion.<br>\n14,25\u20ac GOATS CHEESE.<br>\nRocket leaves, goats\u2019 cheese, pineapple, nuts, raisins, tomato, red onion, sweet wine reduction.<br>\n14,95\u20ac TROPICAL.<br>\nAvocado, prawns, peach, pineapple, kiwi, apple, crabsticks, nuts, mary rose dressing\n<\/p><\/div>\n\t\t\t\t\t\t\t\t\t\t\t            <\/div><\/div>\t\t\t\t<\/div>\n\t\t\t\t<\/div>\n\t\t\t\t\t<\/div>\n\t\t<\/div>\n\t\t\t\t\t<\/div>\n\t\t<\/section>\n\t\t\t\t\t<\/div>\n\t\t<\/div>\n\t\t\t\t\t<\/div>\n\t\t<\/section>\n\t\t\t\t<section class=\"elementor-section elementor-top-section elementor-element elementor-element-1ebfb3c elementor-section-boxed elementor-section-height-default elementor-section-height-default\" data-id=\"1ebfb3c\" data-element_type=\"section\" data-e-type=\"section\" data-settings=\"{&quot;background_background&quot;:&quot;classic&quot;}\">\n\t\t\t\t\t\t<div class=\"elementor-container elementor-column-gap-no\">\n\t\t\t\t\t<div class=\"elementor-column elementor-col-100 elementor-top-column elementor-element elementor-element-a7eed34\" data-id=\"a7eed34\" data-element_type=\"column\" data-e-type=\"column\">\n\t\t\t<div class=\"elementor-widget-wrap elementor-element-populated\">\n\t\t\t\t\t\t<div class=\"elementor-element elementor-element-adf6122 elementor-widget elementor-widget-pizzercontactus2\" data-id=\"adf6122\" data-element_type=\"widget\" data-e-type=\"widget\" data-widget_type=\"pizzercontactus2.default\">\n\t\t\t\t<div class=\"elementor-widget-container\">\n\t\t\t\t\t<div class=\"row\"><div class=\"col-xl-7\"><div class=\"title-area text-center text-xl-start mb-30\"><span class=\"sub-title\">For events and special dinners.<\/span><h2 class=\"sec-title text-white\">Make your reservation.<\/h2><\/div>\n<div class=\"wpcf7 no-js\" id=\"wpcf7-f3723-o1\" lang=\"en-US\" dir=\"ltr\" data-wpcf7-id=\"3723\">\n<div class=\"screen-reader-response\"><p role=\"status\" aria-live=\"polite\" aria-atomic=\"true\"><\/p> <ul><\/ul><\/div>\n<form action=\"\/en\/wp-json\/wp\/v2\/pages\/5567#wpcf7-f3723-o1\" method=\"post\" class=\"wpcf7-form init\" aria-label=\"Contact form\" novalidate=\"novalidate\" data-status=\"init\" data-trp-original-action=\"\/en\/wp-json\/wp\/v2\/pages\/5567#wpcf7-f3723-o1\">\n<fieldset class=\"hidden-fields-container\"><input type=\"hidden\" name=\"_wpcf7\" value=\"3723\" \/><input type=\"hidden\" name=\"_wpcf7_version\" value=\"6.1.5\" \/><input type=\"hidden\" name=\"_wpcf7_locale\" value=\"en_US\" \/><input type=\"hidden\" name=\"_wpcf7_unit_tag\" value=\"wpcf7-f3723-o1\" \/><input type=\"hidden\" name=\"_wpcf7_container_post\" value=\"0\" \/><input type=\"hidden\" name=\"_wpcf7_posted_data_hash\" value=\"\" \/><input type=\"hidden\" name=\"_wpcf7_recaptcha_response\" value=\"\" \/>\n<\/fieldset>\n<div class=\"booking-form3\">\n    <div class=\"row\">\n        <div class=\"form-group col-md-6\">\n            <span class=\"wpcf7-form-control-wrap\" data-name=\"text-fecha\"><input size=\"40\" maxlength=\"400\" class=\"wpcf7-form-control wpcf7-text wpcf7-validates-as-required form-control rounded-2 date-pick\" id=\"text-fecha\" aria-required=\"true\" aria-invalid=\"false\" placeholder=\"Choose date.\" value=\"\" type=\"text\" name=\"text-fecha\" \/><\/span><i class=\"far fa-calendar-days\"><\/i>\n        <\/div>\n        <div class=\"form-group col-md-6\">\n            <span class=\"wpcf7-form-control-wrap\" data-name=\"text-hora\"><input size=\"40\" maxlength=\"400\" class=\"wpcf7-form-control wpcf7-text wpcf7-validates-as-required form-control rounded-2 time-pick\" id=\"text-hora\" aria-required=\"true\" aria-invalid=\"false\" placeholder=\"Arrival time.\" value=\"\" type=\"text\" name=\"text-hora\" \/><\/span>\n            <i class=\"far fa-clock\"><\/i>\n        <\/div>\n <div class=\"form-group col-md-6\">\n            <span class=\"wpcf7-form-control-wrap\" data-name=\"text-nombre\"><input size=\"40\" maxlength=\"400\" class=\"wpcf7-form-control wpcf7-text wpcf7-validates-as-required form-control rounded-2\" id=\"text-nombre\" aria-required=\"true\" aria-invalid=\"false\" placeholder=\"Name\" value=\"\" type=\"text\" name=\"text-nombre\" \/><\/span><i class=\"far fa-calendar-days\"><\/i>\n        <\/div>\n        <div class=\"form-group col-md-6\">\n            <span class=\"wpcf7-form-control-wrap\" data-name=\"tel-785\"><input size=\"40\" maxlength=\"400\" class=\"wpcf7-form-control wpcf7-tel wpcf7-validates-as-required wpcf7-text wpcf7-validates-as-tel form-control rounded-2\" id=\"tel-785\" aria-required=\"true\" aria-invalid=\"false\" placeholder=\"Phone\" value=\"\" type=\"tel\" name=\"tel-785\" \/><\/span>\n            <i class=\"far fa-phone\"><\/i>\n        <\/div>\n        <div class=\"form-group col-12\">\n            <span class=\"wpcf7-form-control-wrap\" data-name=\"number-811\"><input class=\"wpcf7-form-control wpcf7-number wpcf7-validates-as-number form-control rounded-2\" id=\"number-811\" aria-invalid=\"false\" placeholder=\"Total guests.\" value=\"\" type=\"number\" name=\"number-811\" \/><\/span>\n            <i class=\"far fa-user-group\"><\/i>\n        <\/div>\n        <div class=\"form-group col-12\">\n            <span class=\"wpcf7-form-control-wrap\" data-name=\"textarea-493\"><textarea cols=\"40\" rows=\"10\" maxlength=\"2000\" class=\"wpcf7-form-control wpcf7-textarea form-control rounded-2\" id=\"textarea-493\" aria-invalid=\"false\" placeholder=\"Additional message.\" name=\"textarea-493\"><\/textarea><\/span><\/textarea>\n            <i class=\"far fa-comment\"><\/i>\n        <\/div>\n        <div class=\"form-btn col-12 text-center text-xl-start\">\n            <button class=\"th-btn style3 rounded-2 wpcf7\">Make your reservation.<i class=\"fa-solid fa-arrow-right ms-2\"><\/i><\/button>\n        <\/div>\n    <\/div>\n    <p class=\"form-messages mb-0 mt-3\"><\/p>\n<\/div><div class=\"wpcf7-response-output\" aria-hidden=\"true\"><\/div>\n<input type=\"hidden\" name=\"trp-form-language\" value=\"en\"\/><\/form>\n<\/div>\n<\/div><\/div>\t\t\t\t<\/div>\n\t\t\t\t<\/div>\n\t\t\t\t\t<\/div>\n\t\t<\/div>\n\t\t\t\t\t<\/div>\n\t\t<\/section>\n\t\t\t\t<\/div>","protected":false},"excerpt":{"rendered":"<p>Ensaladas De La Carta 11:00 A 00:00 ENSALADAS 16,95\u20ac DE LA CASA. At\u00fan, huevo, queso feta, aguacate, salm\u00f3n ahumado. 13,95\u20ac BURRATA. Tomate, burrata,, lechuga, rucula, frutos secos, cebolla morada, manzana albahaca. 15,95\u20ac CESAR. Bacon, lagrima de pollo, queso parmesano, huevo duro, cebolla morada, tomate, picatoste. 14,25\u20ac QUESO DE CABRA. R\u00facula, queso de cabra, pi\u00f1a, frutos&#8230;<\/p>","protected":false},"author":4,"featured_media":0,"parent":0,"menu_order":0,"comment_status":"closed","ping_status":"closed","template":"","meta":{"footnotes":""},"class_list":["post-5567","page","type-page","status-publish","hentry"],"_links":{"self":[{"href":"https:\/\/www.restaurantedominique.com\/en\/wp-json\/wp\/v2\/pages\/5567","targetHints":{"allow":["GET"]}}],"collection":[{"href":"https:\/\/www.restaurantedominique.com\/en\/wp-json\/wp\/v2\/pages"}],"about":[{"href":"https:\/\/www.restaurantedominique.com\/en\/wp-json\/wp\/v2\/types\/page"}],"author":[{"embeddable":true,"href":"https:\/\/www.restaurantedominique.com\/en\/wp-json\/wp\/v2\/users\/4"}],"replies":[{"embeddable":true,"href":"https:\/\/www.restaurantedominique.com\/en\/wp-json\/wp\/v2\/comments?post=5567"}],"version-history":[{"count":19,"href":"https:\/\/www.restaurantedominique.com\/en\/wp-json\/wp\/v2\/pages\/5567\/revisions"}],"predecessor-version":[{"id":5879,"href":"https:\/\/www.restaurantedominique.com\/en\/wp-json\/wp\/v2\/pages\/5567\/revisions\/5879"}],"wp:attachment":[{"href":"https:\/\/www.restaurantedominique.com\/en\/wp-json\/wp\/v2\/media?parent=5567"}],"curies":[{"name":"wp","href":"https:\/\/api.w.org\/{rel}","templated":true}]}}