{"id":5310,"date":"2023-07-17T11:12:34","date_gmt":"2023-07-17T11:12:34","guid":{"rendered":"https:\/\/www.restaurantedominique.com\/?page_id=5310"},"modified":"2026-03-21T18:38:25","modified_gmt":"2026-03-21T18:38:25","slug":"snack","status":"publish","type":"page","link":"https:\/\/www.restaurantedominique.com\/en\/snack","title":{"rendered":"Snack"},"content":{"rendered":"<div data-elementor-type=\"wp-page\" data-elementor-id=\"5310\" class=\"elementor elementor-5310\" data-elementor-post-type=\"page\">\n\t\t\t\t\t\t<section class=\"elementor-section elementor-top-section elementor-element elementor-element-dee05cd elementor-section-full_width elementor-section-height-default elementor-section-height-default\" data-id=\"dee05cd\" data-element_type=\"section\" data-e-type=\"section\" data-settings=\"{&quot;background_background&quot;:&quot;classic&quot;}\">\n\t\t\t\t\t\t<div class=\"elementor-container elementor-column-gap-no\">\n\t\t\t\t\t<div class=\"elementor-column elementor-col-100 elementor-top-column elementor-element elementor-element-da9f69e\" data-id=\"da9f69e\" data-element_type=\"column\" data-e-type=\"column\">\n\t\t\t<div class=\"elementor-widget-wrap elementor-element-populated\">\n\t\t\t\t\t\t<section class=\"elementor-section elementor-inner-section elementor-element elementor-element-4389ca8 elementor-section-boxed elementor-section-height-default elementor-section-height-default\" data-id=\"4389ca8\" data-element_type=\"section\" data-e-type=\"section\">\n\t\t\t\t\t\t<div class=\"elementor-container elementor-column-gap-no\">\n\t\t\t\t\t<div class=\"elementor-column elementor-col-100 elementor-inner-column elementor-element elementor-element-5904698\" data-id=\"5904698\" data-element_type=\"column\" data-e-type=\"column\">\n\t\t\t<div class=\"elementor-widget-wrap\">\n\t\t\t\t\t\t\t<\/div>\n\t\t<\/div>\n\t\t\t\t\t<\/div>\n\t\t<\/section>\n\t\t \t\t<div class=\"elementor-element elementor-element-b293949 elementor-hidden-mobile elementor-widget elementor-widget-pizzershapeimage\" data-id=\"b293949\" data-element_type=\"widget\" data-e-type=\"widget\" data-widget_type=\"pizzershapeimage.default\">\n\t\t\t\t<div class=\"elementor-widget-container\">\n\t\t\t\t\t<!-- Image --><div class=\"shape-mockup  jump\" data-top=\"10%\" data-left=\"5%\"><img decoding=\"async\" src=\"https:\/\/themeholy.com\/wordpress\/pizzan\/wp-content\/uploads\/2023\/06\/capsicum_1.png\" alt=\"Restaurante Dominique\" ><\/div><!-- End Image -->\t\t\t\t<\/div>\n\t\t\t\t<\/div>\n\t\t\t\t<div class=\"elementor-element elementor-element-da5da19 elementor-hidden-mobile elementor-widget elementor-widget-pizzershapeimage\" data-id=\"da5da19\" data-element_type=\"widget\" data-e-type=\"widget\" data-widget_type=\"pizzershapeimage.default\">\n\t\t\t\t<div class=\"elementor-widget-container\">\n\t\t\t\t\t<!-- Image --><div class=\"shape-mockup  jump-reverse\" data-top=\"30%\" data-right=\"0.001%\"><img decoding=\"async\" src=\"https:\/\/themeholy.com\/wordpress\/pizzan\/wp-content\/uploads\/2023\/06\/tomato_5.png\" alt=\"Restaurante Dominique\" ><\/div><!-- End Image -->\t\t\t\t<\/div>\n\t\t\t\t<\/div>\n\t\t\t\t<div class=\"elementor-element elementor-element-a07d8f7 elementor-widget elementor-widget-pizzersectiontitle\" data-id=\"a07d8f7\" data-element_type=\"widget\" data-e-type=\"widget\" data-widget_type=\"pizzersectiontitle.default\">\n\t\t\t\t<div class=\"elementor-widget-container\">\n\t\t\t\t\t<div class=\"title-area mb-30\" ><span class=\"sub-title subtitle-selector\">Snack<\/span><h2 class=\"sec-title title-selector\">Nuestro Snack se sirven de 11:00 a 17:30<\/h2><\/div>\t\t\t\t<\/div>\n\t\t\t\t<\/div>\n\t\t\t\t<div class=\"elementor-element elementor-element-d1c3dd7 elementor-hidden-mobile elementor-widget elementor-widget-pizzershapeimage\" data-id=\"d1c3dd7\" data-element_type=\"widget\" data-e-type=\"widget\" data-widget_type=\"pizzershapeimage.default\">\n\t\t\t\t<div class=\"elementor-widget-container\">\n\t\t\t\t\t<!-- Image --><div class=\"shape-mockup  jump-reverse\" data-bottom=\"10%\" data-left=\"4%\"><img decoding=\"async\" src=\"https:\/\/themeholy.com\/wordpress\/pizzan\/wp-content\/uploads\/2023\/06\/red_chili.png\" alt=\"Restaurante Dominique\" ><\/div><!-- End Image -->\t\t\t\t<\/div>\n\t\t\t\t<\/div>\n\t\t\t\t<div class=\"elementor-element elementor-element-d053ebb elementor-hidden-mobile elementor-widget elementor-widget-pizzershapeimage\" data-id=\"d053ebb\" data-element_type=\"widget\" data-e-type=\"widget\" data-widget_type=\"pizzershapeimage.default\">\n\t\t\t\t<div class=\"elementor-widget-container\">\n\t\t\t\t\t<!-- Image --><div class=\"shape-mockup  jump\" data-bottom=\"-5%\" data-right=\"1%\"><img decoding=\"async\" src=\"https:\/\/themeholy.com\/wordpress\/pizzan\/wp-content\/uploads\/2023\/06\/red_chili_2-4.png\" alt=\"Restaurante Dominique\" ><\/div><!-- End Image -->\t\t\t\t<\/div>\n\t\t\t\t<\/div>\n\t\t\t\t\t<\/div>\n\t\t<\/div>\n\t\t\t\t\t<\/div>\n\t\t<\/section>\n\t\t\t\t<section class=\"elementor-section elementor-top-section elementor-element elementor-element-6f41864 elementor-section-boxed elementor-section-height-default elementor-section-height-default\" data-id=\"6f41864\" data-element_type=\"section\" data-e-type=\"section\">\n\t\t\t\t\t\t<div class=\"elementor-container elementor-column-gap-default\">\n\t\t\t\t\t<div class=\"elementor-column elementor-col-100 elementor-top-column elementor-element elementor-element-45a3712\" data-id=\"45a3712\" data-element_type=\"column\" data-e-type=\"column\">\n\t\t\t<div class=\"elementor-widget-wrap elementor-element-populated\">\n\t\t\t\t\t\t<section class=\"elementor-section elementor-inner-section elementor-element elementor-element-52ea1af elementor-section-boxed elementor-section-height-default elementor-section-height-default\" data-id=\"52ea1af\" data-element_type=\"section\" data-e-type=\"section\">\n\t\t\t\t\t\t<div class=\"elementor-container elementor-column-gap-default\">\n\t\t\t\t\t<div class=\"elementor-column elementor-col-50 elementor-inner-column elementor-element elementor-element-6b6954f\" data-id=\"6b6954f\" data-element_type=\"column\" data-e-type=\"column\">\n\t\t\t<div class=\"elementor-widget-wrap elementor-element-populated\">\n\t\t\t\t\t\t<div class=\"elementor-element elementor-element-4d1ec0e elementor-widget elementor-widget-narestaurant_unique_food_menu\" data-id=\"4d1ec0e\" data-element_type=\"widget\" data-e-type=\"widget\" data-widget_type=\"narestaurant_unique_food_menu.default\">\n\t\t\t\t<div class=\"elementor-widget-container\">\n\t\t\t\t\t<div class=\"narep-food-menu-wrap\"><div class=\"narep-food-menu-item-wrap zoom-image no-img\">\n\t\t\t\t\t\t\t\t\t\t\t              <div class=\"narep-food-menu-info\"><h4 class=\"narep-food-menu-title\"><span class=\"food-title\">SANDWICHES Y BOCADILLOS<\/span><\/h4><p>5,25\u20ac S\u00e1ndwich Mixto  <br>\n5,05\u20ac S\u00e1ndwich de Queso y Cebolla    <br>\n6,75\u20ac S\u00e1ndwich de Beicon (beicon, lechuga, tomate, mayonesa)<br>\n6,75\u20ac S\u00e1ndwich de At\u00fan (At\u00fan, mayonesa, cebolla y ma\u00edz)  <br>\n7,95\u20ac Club S\u00e1ndwich (Beicon, Pollo, Lechuga, Tomate, Pepino, mayonesa)  <br>\n7,95\u20ac Bocadillo de Pollo (Pollo, ali oli, Tomate, Lechuga)  <br>\n. <br>\n\nLos s\u00e1ndwiches y bocadillos vienen acompa\u00f1ados con ensalada americana y patatas en bolsa\n\n<\/p><\/div>\n\t\t\t\t\t\t\t\t\t\t\t            <\/div><div class=\"narep-food-menu-item-wrap zoom-image no-img\">\n\t\t\t\t\t\t\t\t\t\t\t              <div class=\"narep-food-menu-info\"><h4 class=\"narep-food-menu-title\"><span class=\"food-title\">PATATAS ASADAS<\/span><\/h4><p>7,25\u20ac Salsa bolo\u00f1esa y queso. <br>\n5,55\u20ac Mantequilla de ajo.<br>\n6,95\u20ac At\u00fan y mayonesa.<br>\n5,55\u20ac Ali oli.<br>\n7,25\u20ac Espinacas, cebolla y roquefort.<br>\n8,25\u20ac Pollo, champi\u00f1ones, nata y queso. <br>\n6,95\u20ac Champi\u00f1ones al ajillo.<br>\n7,25\u20ac Jam\u00f3n, ma\u00edz, palitos bocas de mar, salsa rosa.<br>\n. <br>\n\nLas patatas asadas vienen acompa\u00f1adas con ensalada americana\n\n.<\/p><\/div>\n\t\t\t\t\t\t\t\t\t\t\t            <\/div><div class=\"narep-food-menu-item-wrap zoom-image no-img\">\n\t\t\t\t\t\t\t\t\t\t\t              <div class=\"narep-food-menu-info\"><h4 class=\"narep-food-menu-title\"><span class=\"food-title\">TORTILLA FRANCESA<\/span><\/h4><p>7,25\u20ac Tortilla francesa con patatas fritas O ensalada.<br>\n0,75\u20ac Ingrediente extra.<br>\n( ie. jamon, bacon, queso, cebolla, champi\u00f1\u00f3n, espinaca)\n\n<\/p><\/div>\n\t\t\t\t\t\t\t\t\t\t\t            <\/div><\/div>\t\t\t\t<\/div>\n\t\t\t\t<\/div>\n\t\t\t\t\t<\/div>\n\t\t<\/div>\n\t\t\t\t<div class=\"elementor-column elementor-col-50 elementor-inner-column elementor-element elementor-element-ce8660b\" data-id=\"ce8660b\" data-element_type=\"column\" data-e-type=\"column\">\n\t\t\t<div class=\"elementor-widget-wrap elementor-element-populated\">\n\t\t\t\t\t\t<div class=\"elementor-element elementor-element-8931793 elementor-widget elementor-widget-narestaurant_unique_food_menu\" data-id=\"8931793\" data-element_type=\"widget\" data-e-type=\"widget\" data-widget_type=\"narestaurant_unique_food_menu.default\">\n\t\t\t\t<div class=\"elementor-widget-container\">\n\t\t\t\t\t<div class=\"narep-food-menu-wrap\"><div class=\"narep-food-menu-item-wrap zoom-image no-img\">\n\t\t\t\t\t\t\t\t\t\t\t              <div class=\"narep-food-menu-info\"><h4 class=\"narep-food-menu-title\"><span class=\"food-title\">SANDWICHES &amp; BAGUETTES<\/span><\/h4><p>\n5,25\u20ac Ham & Cheese Toastie. <br>\n5,05\u20ac Cheese & Onion Toastie. <br>\n6,75\u20ac Bacon Sandwich (bacon, lettuce, tomato, mayonnaise). <br>\n6,75\u20acTuna Sandwich (Tuna, Mayonnaise, Onions, Sweet corn).  <br>\n7,95\u20ac Club Sandwich (Bacon, Chicken, Lettuce, Tomato, Cucumber, Mayonnaise).  <br>\n7,95\u20ac Chicken Baguette (Chicken, garlic mayonnaise, lettuce, tomato). <br>\n. <br>\n\nSandwiches and sandwiches are accompanied with American salad and bagged potatoes\n\n<\/p><\/div>\n\t\t\t\t\t\t\t\t\t\t\t            <\/div><div class=\"narep-food-menu-item-wrap zoom-image no-img\">\n\t\t\t\t\t\t\t\t\t\t\t              <div class=\"narep-food-menu-info\"><h4 class=\"narep-food-menu-title\"><span class=\"food-title\">JACKET POTATOES<\/span><\/h4><p>7,25\u20ac  Bolognese sauce and cheese <br> \n5,55\u20ac Garlic butter <br> \n6,95\u20ac Tuna mayonnaise. <br> \n5,55\u20ac Garlic Mayonnaise  <br> \n7,25\u20ac Spinach, onions, Roquefort <br> \n8,25\u20ac Chicken, mushrooms, cream, cheese  <br> \n6,95Garlic Mushrooms  <br> \n7,25\u20ac Ham, sweet corn, crabstick, mary rose sauce <br> \n. <br>\n\n\nThe roasted potatoes are accompanied with an American salad.\n\n\n<\/p><\/div>\n\t\t\t\t\t\t\t\t\t\t\t            <\/div><div class=\"narep-food-menu-item-wrap zoom-image no-img\">\n\t\t\t\t\t\t\t\t\t\t\t              <div class=\"narep-food-menu-info\"><h4 class=\"narep-food-menu-title\"><span class=\"food-title\">OMELETTES<\/span><\/h4><p>7,25\u20ac French Omelette (plain) with chips or salad. <br> \n0,75\u20ac Extra ingredient . <br> \nie (ham, bacon, cheese, onion mushroom, spinach)\n<\/p><\/div>\n\t\t\t\t\t\t\t\t\t\t\t            <\/div><\/div>\t\t\t\t<\/div>\n\t\t\t\t<\/div>\n\t\t\t\t\t<\/div>\n\t\t<\/div>\n\t\t\t\t\t<\/div>\n\t\t<\/section>\n\t\t\t\t\t<\/div>\n\t\t<\/div>\n\t\t\t\t\t<\/div>\n\t\t<\/section>\n\t\t\t\t<section class=\"elementor-section elementor-top-section elementor-element elementor-element-b40400c elementor-section-boxed elementor-section-height-default elementor-section-height-default\" data-id=\"b40400c\" data-element_type=\"section\" data-e-type=\"section\" data-settings=\"{&quot;background_background&quot;:&quot;classic&quot;}\">\n\t\t\t\t\t\t<div class=\"elementor-container elementor-column-gap-no\">\n\t\t\t\t\t<div class=\"elementor-column elementor-col-100 elementor-top-column elementor-element elementor-element-68000fa\" data-id=\"68000fa\" data-element_type=\"column\" data-e-type=\"column\">\n\t\t\t<div class=\"elementor-widget-wrap elementor-element-populated\">\n\t\t\t\t\t\t<div class=\"elementor-element elementor-element-439ea13 elementor-widget elementor-widget-pizzercontactus2\" data-id=\"439ea13\" data-element_type=\"widget\" data-e-type=\"widget\" data-widget_type=\"pizzercontactus2.default\">\n\t\t\t\t<div class=\"elementor-widget-container\">\n\t\t\t\t\t<div class=\"row\"><div class=\"col-xl-7\"><div class=\"title-area text-center text-xl-start mb-30\"><span class=\"sub-title\">For events and special dinners.<\/span><h2 class=\"sec-title text-white\">Make your reservation.<\/h2><\/div>\n<div class=\"wpcf7 no-js\" id=\"wpcf7-f3723-o1\" lang=\"en-US\" dir=\"ltr\" data-wpcf7-id=\"3723\">\n<div class=\"screen-reader-response\"><p role=\"status\" aria-live=\"polite\" aria-atomic=\"true\"><\/p> <ul><\/ul><\/div>\n<form action=\"\/en\/wp-json\/wp\/v2\/pages\/5310#wpcf7-f3723-o1\" method=\"post\" class=\"wpcf7-form init\" aria-label=\"Contact form\" novalidate=\"novalidate\" data-status=\"init\" data-trp-original-action=\"\/en\/wp-json\/wp\/v2\/pages\/5310#wpcf7-f3723-o1\">\n<fieldset class=\"hidden-fields-container\"><input type=\"hidden\" name=\"_wpcf7\" value=\"3723\" \/><input type=\"hidden\" name=\"_wpcf7_version\" value=\"6.1.5\" \/><input type=\"hidden\" name=\"_wpcf7_locale\" value=\"en_US\" \/><input type=\"hidden\" name=\"_wpcf7_unit_tag\" value=\"wpcf7-f3723-o1\" \/><input type=\"hidden\" name=\"_wpcf7_container_post\" value=\"0\" \/><input type=\"hidden\" name=\"_wpcf7_posted_data_hash\" value=\"\" \/><input type=\"hidden\" name=\"_wpcf7_recaptcha_response\" value=\"\" \/>\n<\/fieldset>\n<div class=\"booking-form3\">\n    <div class=\"row\">\n        <div class=\"form-group col-md-6\">\n            <span class=\"wpcf7-form-control-wrap\" data-name=\"text-fecha\"><input size=\"40\" maxlength=\"400\" class=\"wpcf7-form-control wpcf7-text wpcf7-validates-as-required form-control rounded-2 date-pick\" id=\"text-fecha\" aria-required=\"true\" aria-invalid=\"false\" placeholder=\"Choose date.\" value=\"\" type=\"text\" name=\"text-fecha\" \/><\/span><i class=\"far fa-calendar-days\"><\/i>\n        <\/div>\n        <div class=\"form-group col-md-6\">\n            <span class=\"wpcf7-form-control-wrap\" data-name=\"text-hora\"><input size=\"40\" maxlength=\"400\" class=\"wpcf7-form-control wpcf7-text wpcf7-validates-as-required form-control rounded-2 time-pick\" id=\"text-hora\" aria-required=\"true\" aria-invalid=\"false\" placeholder=\"Arrival time.\" value=\"\" type=\"text\" name=\"text-hora\" \/><\/span>\n            <i class=\"far fa-clock\"><\/i>\n        <\/div>\n <div class=\"form-group col-md-6\">\n            <span class=\"wpcf7-form-control-wrap\" data-name=\"text-nombre\"><input size=\"40\" maxlength=\"400\" class=\"wpcf7-form-control wpcf7-text wpcf7-validates-as-required form-control rounded-2\" id=\"text-nombre\" aria-required=\"true\" aria-invalid=\"false\" placeholder=\"Name\" value=\"\" type=\"text\" name=\"text-nombre\" \/><\/span><i class=\"far fa-calendar-days\"><\/i>\n        <\/div>\n        <div class=\"form-group col-md-6\">\n            <span class=\"wpcf7-form-control-wrap\" data-name=\"tel-785\"><input size=\"40\" maxlength=\"400\" class=\"wpcf7-form-control wpcf7-tel wpcf7-validates-as-required wpcf7-text wpcf7-validates-as-tel form-control rounded-2\" id=\"tel-785\" aria-required=\"true\" aria-invalid=\"false\" placeholder=\"Phone\" value=\"\" type=\"tel\" name=\"tel-785\" \/><\/span>\n            <i class=\"far fa-phone\"><\/i>\n        <\/div>\n        <div class=\"form-group col-12\">\n            <span class=\"wpcf7-form-control-wrap\" data-name=\"number-811\"><input class=\"wpcf7-form-control wpcf7-number wpcf7-validates-as-number form-control rounded-2\" id=\"number-811\" aria-invalid=\"false\" placeholder=\"Total guests.\" value=\"\" type=\"number\" name=\"number-811\" \/><\/span>\n            <i class=\"far fa-user-group\"><\/i>\n        <\/div>\n        <div class=\"form-group col-12\">\n            <span class=\"wpcf7-form-control-wrap\" data-name=\"textarea-493\"><textarea cols=\"40\" rows=\"10\" maxlength=\"2000\" class=\"wpcf7-form-control wpcf7-textarea form-control rounded-2\" id=\"textarea-493\" aria-invalid=\"false\" placeholder=\"Additional message.\" name=\"textarea-493\"><\/textarea><\/span><\/textarea>\n            <i class=\"far fa-comment\"><\/i>\n        <\/div>\n        <div class=\"form-btn col-12 text-center text-xl-start\">\n            <button class=\"th-btn style3 rounded-2 wpcf7\">Make your reservation.<i class=\"fa-solid fa-arrow-right ms-2\"><\/i><\/button>\n        <\/div>\n    <\/div>\n    <p class=\"form-messages mb-0 mt-3\"><\/p>\n<\/div><div class=\"wpcf7-response-output\" aria-hidden=\"true\"><\/div>\n<input type=\"hidden\" name=\"trp-form-language\" value=\"en\"\/><\/form>\n<\/div>\n<\/div><\/div>\t\t\t\t<\/div>\n\t\t\t\t<\/div>\n\t\t\t\t\t<\/div>\n\t\t<\/div>\n\t\t\t\t\t<\/div>\n\t\t<\/section>\n\t\t\t\t<\/div>","protected":false},"excerpt":{"rendered":"<p>Snack Nuestro Snack se sirven de 11:00 a 17:30 SANDWICHES Y BOCADILLOS 5,25\u20ac S\u00e1ndwich Mixto 5,05\u20ac S\u00e1ndwich de Queso y Cebolla 6,75\u20ac S\u00e1ndwich de Beicon (beicon, lechuga, tomate, mayonesa) 6,75\u20ac S\u00e1ndwich de At\u00fan (At\u00fan, mayonesa, cebolla y ma\u00edz) 7,95\u20ac Club S\u00e1ndwich (Beicon, Pollo, Lechuga, Tomate, Pepino, mayonesa) 7,95\u20ac Bocadillo de Pollo (Pollo, ali oli, Tomate,&#8230;<\/p>","protected":false},"author":4,"featured_media":0,"parent":0,"menu_order":0,"comment_status":"closed","ping_status":"closed","template":"","meta":{"footnotes":""},"class_list":["post-5310","page","type-page","status-publish","hentry"],"_links":{"self":[{"href":"https:\/\/www.restaurantedominique.com\/en\/wp-json\/wp\/v2\/pages\/5310","targetHints":{"allow":["GET"]}}],"collection":[{"href":"https:\/\/www.restaurantedominique.com\/en\/wp-json\/wp\/v2\/pages"}],"about":[{"href":"https:\/\/www.restaurantedominique.com\/en\/wp-json\/wp\/v2\/types\/page"}],"author":[{"embeddable":true,"href":"https:\/\/www.restaurantedominique.com\/en\/wp-json\/wp\/v2\/users\/4"}],"replies":[{"embeddable":true,"href":"https:\/\/www.restaurantedominique.com\/en\/wp-json\/wp\/v2\/comments?post=5310"}],"version-history":[{"count":77,"href":"https:\/\/www.restaurantedominique.com\/en\/wp-json\/wp\/v2\/pages\/5310\/revisions"}],"predecessor-version":[{"id":5876,"href":"https:\/\/www.restaurantedominique.com\/en\/wp-json\/wp\/v2\/pages\/5310\/revisions\/5876"}],"wp:attachment":[{"href":"https:\/\/www.restaurantedominique.com\/en\/wp-json\/wp\/v2\/media?parent=5310"}],"curies":[{"name":"wp","href":"https:\/\/api.w.org\/{rel}","templated":true}]}}