{"id":53,"date":"2022-11-16T08:33:13","date_gmt":"2022-11-16T08:33:13","guid":{"rendered":"https:\/\/angfuzsoft.com\/wordpress\/pizzer\/?page_id=53"},"modified":"2026-03-21T19:51:48","modified_gmt":"2026-03-21T19:51:48","slug":"menu-del-dia","status":"publish","type":"page","link":"https:\/\/www.restaurantedominique.com\/en\/menu-del-dia","title":{"rendered":"Daily menu"},"content":{"rendered":"<div data-elementor-type=\"wp-page\" data-elementor-id=\"53\" class=\"elementor elementor-53\" data-elementor-post-type=\"page\">\n\t\t\t\t\t\t<section class=\"elementor-section elementor-top-section elementor-element elementor-element-5a852f8 elementor-section-full_width elementor-section-height-default elementor-section-height-default\" data-id=\"5a852f8\" data-element_type=\"section\" data-e-type=\"section\" data-settings=\"{&quot;background_background&quot;:&quot;classic&quot;}\">\n\t\t\t\t\t\t<div class=\"elementor-container elementor-column-gap-no\">\n\t\t\t\t\t<div class=\"elementor-column elementor-col-100 elementor-top-column elementor-element elementor-element-ba032bb\" data-id=\"ba032bb\" data-element_type=\"column\" data-e-type=\"column\">\n\t\t\t<div class=\"elementor-widget-wrap elementor-element-populated\">\n\t\t\t\t\t\t<section class=\"elementor-section elementor-inner-section elementor-element elementor-element-09e5adc elementor-section-boxed elementor-section-height-default elementor-section-height-default\" data-id=\"09e5adc\" data-element_type=\"section\" data-e-type=\"section\">\n\t\t\t\t\t\t<div class=\"elementor-container elementor-column-gap-no\">\n\t\t\t\t\t<div class=\"elementor-column elementor-col-100 elementor-inner-column elementor-element elementor-element-36d0b9f\" data-id=\"36d0b9f\" data-element_type=\"column\" data-e-type=\"column\">\n\t\t\t<div class=\"elementor-widget-wrap elementor-element-populated\">\n\t\t\t\t \t\t<div class=\"elementor-element elementor-element-c01ee70 elementor-widget elementor-widget-pizzersectiontitle\" data-id=\"c01ee70\" data-element_type=\"widget\" data-e-type=\"widget\" data-widget_type=\"pizzersectiontitle.default\">\n\t\t\t\t<div class=\"elementor-widget-container\">\n\t\t\t\t\t<div class=\"title-area mb-30\" ><span class=\"sub-title subtitle-selector\">Siempre fresco<\/span><h2 class=\"sec-title title-selector\">The best food, only in Dominique \u0301s<\/h2><\/div>\t\t\t\t<\/div>\n\t\t\t\t<\/div>\n\t\t\t\t\t<\/div>\n\t\t<\/div>\n\t\t\t\t\t<\/div>\n\t\t<\/section>\n\t\t\t\t<div class=\"elementor-element elementor-element-cb81797 elementor-hidden-mobile elementor-widget elementor-widget-pizzershapeimage\" data-id=\"cb81797\" data-element_type=\"widget\" data-e-type=\"widget\" data-widget_type=\"pizzershapeimage.default\">\n\t\t\t\t<div class=\"elementor-widget-container\">\n\t\t\t\t\t<!-- Image --><div class=\"shape-mockup  jump\" data-top=\"10%\" data-left=\"5%\"><img decoding=\"async\" src=\"https:\/\/themeholy.com\/wordpress\/pizzan\/wp-content\/uploads\/2023\/06\/capsicum_1.png\" alt=\"Restaurante Dominique\" ><\/div><!-- End Image -->\t\t\t\t<\/div>\n\t\t\t\t<\/div>\n\t\t\t\t<div class=\"elementor-element elementor-element-e47580c elementor-hidden-mobile elementor-widget elementor-widget-pizzershapeimage\" data-id=\"e47580c\" data-element_type=\"widget\" data-e-type=\"widget\" data-widget_type=\"pizzershapeimage.default\">\n\t\t\t\t<div class=\"elementor-widget-container\">\n\t\t\t\t\t<!-- Image --><div class=\"shape-mockup  jump-reverse\" data-top=\"30%\" data-right=\"0.001%\"><img decoding=\"async\" src=\"https:\/\/themeholy.com\/wordpress\/pizzan\/wp-content\/uploads\/2023\/06\/tomato_5.png\" alt=\"Restaurante Dominique\" ><\/div><!-- End Image -->\t\t\t\t<\/div>\n\t\t\t\t<\/div>\n\t\t\t\t<div class=\"elementor-element elementor-element-d2680b0 elementor-hidden-mobile elementor-widget elementor-widget-pizzershapeimage\" data-id=\"d2680b0\" data-element_type=\"widget\" data-e-type=\"widget\" data-widget_type=\"pizzershapeimage.default\">\n\t\t\t\t<div class=\"elementor-widget-container\">\n\t\t\t\t\t<!-- Image --><div class=\"shape-mockup  jump-reverse\" data-bottom=\"10%\" data-left=\"4%\"><img decoding=\"async\" src=\"https:\/\/themeholy.com\/wordpress\/pizzan\/wp-content\/uploads\/2023\/06\/red_chili.png\" alt=\"Restaurante Dominique\" ><\/div><!-- End Image -->\t\t\t\t<\/div>\n\t\t\t\t<\/div>\n\t\t\t\t<div class=\"elementor-element elementor-element-4cc6eed elementor-hidden-mobile elementor-widget elementor-widget-pizzershapeimage\" data-id=\"4cc6eed\" data-element_type=\"widget\" data-e-type=\"widget\" data-widget_type=\"pizzershapeimage.default\">\n\t\t\t\t<div class=\"elementor-widget-container\">\n\t\t\t\t\t<!-- Image --><div class=\"shape-mockup  jump\" data-bottom=\"-5%\" data-right=\"1%\"><img decoding=\"async\" src=\"https:\/\/themeholy.com\/wordpress\/pizzan\/wp-content\/uploads\/2023\/06\/red_chili_2-4.png\" alt=\"Restaurante Dominique\" ><\/div><!-- End Image -->\t\t\t\t<\/div>\n\t\t\t\t<\/div>\n\t\t\t\t\t<\/div>\n\t\t<\/div>\n\t\t\t\t\t<\/div>\n\t\t<\/section>\n\t\t\t\t<section class=\"elementor-section elementor-top-section elementor-element elementor-element-1d294a0 elementor-section-boxed elementor-section-height-default elementor-section-height-default\" data-id=\"1d294a0\" data-element_type=\"section\" data-e-type=\"section\">\n\t\t\t\t\t\t<div class=\"elementor-container elementor-column-gap-default\">\n\t\t\t\t\t<div class=\"elementor-column elementor-col-50 elementor-top-column elementor-element elementor-element-bfd7736\" data-id=\"bfd7736\" data-element_type=\"column\" data-e-type=\"column\">\n\t\t\t<div class=\"elementor-widget-wrap elementor-element-populated\">\n\t\t\t\t\t\t<div class=\"elementor-element elementor-element-0a055dc elementor-widget elementor-widget-narestaurant_unique_specialties\" data-id=\"0a055dc\" data-element_type=\"widget\" data-e-type=\"widget\" data-settings=\"{&quot;specialties_image&quot;:{&quot;url&quot;:&quot;https:\\\/\\\/www.restaurantedominique.com\\\/wp-content\\\/plugins\\\/elementor\\\/assets\\\/images\\\/placeholder.png&quot;,&quot;id&quot;:&quot;&quot;,&quot;size&quot;:&quot;&quot;}}\" data-widget_type=\"narestaurant_unique_specialties.default\">\n\t\t\t\t<div class=\"elementor-widget-container\">\n\t\t\t\t\t<div class=\"narep-specialties-item\">\n\t              <div class=\"nich-row\">\n\t                <div class=\"nich-col-md-12\"><\/div>\n\t                <div class=\"nich-col-md-12\">\n\t                  <div class=\"narep-specialties-info\">\n\t                    <h4 class=\"narep-specialties-title\">Daily menu<\/h4><p>19,55\u20ac<\/p>\n\t                    <ul class=\"narep-bullet-list\"><li>Available until 21:00 hrs. <\/li><li>Excepto domingos y festivos de 13:30 -16:30 hrs.ecialties<\/li><li>Includes bread and butter<\/li><li>Drink not included<\/li><\/ul>\n\t                  <\/div>\n\t                <\/div>\n\t              <\/div>\n\t            <\/div>\t\t\t\t<\/div>\n\t\t\t\t<\/div>\n\t\t\t\t\t<\/div>\n\t\t<\/div>\n\t\t\t\t<div class=\"elementor-column elementor-col-50 elementor-top-column elementor-element elementor-element-345b95b\" data-id=\"345b95b\" data-element_type=\"column\" data-e-type=\"column\">\n\t\t\t<div class=\"elementor-widget-wrap elementor-element-populated\">\n\t\t\t\t\t\t<div class=\"elementor-element elementor-element-bd023a2 elementor-widget elementor-widget-narestaurant_unique_specialties\" data-id=\"bd023a2\" data-element_type=\"widget\" data-e-type=\"widget\" data-settings=\"{&quot;specialties_image&quot;:{&quot;url&quot;:&quot;https:\\\/\\\/www.restaurantedominique.com\\\/wp-content\\\/plugins\\\/elementor\\\/assets\\\/images\\\/placeholder.png&quot;,&quot;id&quot;:&quot;&quot;,&quot;size&quot;:&quot;&quot;}}\" data-widget_type=\"narestaurant_unique_specialties.default\">\n\t\t\t\t<div class=\"elementor-widget-container\">\n\t\t\t\t\t<div class=\"narep-specialties-item\">\n\t              <div class=\"nich-row\">\n\t                <div class=\"nich-col-md-12\"><\/div>\n\t                <div class=\"nich-col-md-12\">\n\t                  <div class=\"narep-specialties-info\">\n\t                    <h4 class=\"narep-specialties-title\">Children's Plate<\/h4><p>7,25\u20ac<\/p>\n\t                    <ul class=\"narep-bullet-list\"><li>UP TO THE AGE OF TEN<\/li><li>One dish to choose.<\/li><li>Optional drink and dessert apart.<\/li><\/ul>\n\t                  <\/div>\n\t                <\/div>\n\t              <\/div>\n\t            <\/div>\t\t\t\t<\/div>\n\t\t\t\t<\/div>\n\t\t\t\t\t<\/div>\n\t\t<\/div>\n\t\t\t\t\t<\/div>\n\t\t<\/section>\n\t\t\t\t<section class=\"elementor-section elementor-top-section elementor-element elementor-element-d390384 elementor-section-boxed elementor-section-height-default elementor-section-height-default\" data-id=\"d390384\" data-element_type=\"section\" data-e-type=\"section\">\n\t\t\t\t\t\t<div class=\"elementor-container elementor-column-gap-default\">\n\t\t\t\t\t<div class=\"elementor-column elementor-col-100 elementor-top-column elementor-element elementor-element-ee6c604\" data-id=\"ee6c604\" data-element_type=\"column\" data-e-type=\"column\">\n\t\t\t<div class=\"elementor-widget-wrap elementor-element-populated\">\n\t\t\t\t\t\t<section class=\"elementor-section elementor-inner-section elementor-element elementor-element-dbc6e0a elementor-section-boxed elementor-section-height-default elementor-section-height-default\" data-id=\"dbc6e0a\" data-element_type=\"section\" data-e-type=\"section\">\n\t\t\t\t\t\t<div class=\"elementor-container elementor-column-gap-default\">\n\t\t\t\t\t<div class=\"elementor-column elementor-col-50 elementor-inner-column elementor-element elementor-element-4fcf82f\" data-id=\"4fcf82f\" data-element_type=\"column\" data-e-type=\"column\">\n\t\t\t<div class=\"elementor-widget-wrap elementor-element-populated\">\n\t\t\t\t\t\t<div class=\"elementor-element elementor-element-2d13235 elementor-widget elementor-widget-narestaurant_unique_food_menu\" data-id=\"2d13235\" data-element_type=\"widget\" data-e-type=\"widget\" data-widget_type=\"narestaurant_unique_food_menu.default\">\n\t\t\t\t<div class=\"elementor-widget-container\">\n\t\t\t\t\t<div class=\"narep-food-menu-wrap\"><div class=\"narep-food-menu-item-wrap zoom-image no-img\">\n\t\t\t\t\t\t\t\t\t\t\t              <div class=\"narep-food-menu-info\"><h4 class=\"narep-food-menu-title\"><span class=\"food-title\">Primer plato<\/span><\/h4><p>\u2013 Sopa del d\u00eda.<br>\n\u2013 Tosta con queso de cabra y cebolla caramelizada.<br>\n\u2013 Tosta con guacamole, tomate, mozzarella y salsa de albahaca.<br>\n\u2013 Croquetas caseras (pollo \/espinacas con pi\u00f1ones \/ jam\u00f3n ib\u00e9rico).<br>\n\u2013 Alitas de pollo en salsa barbacoa picante.<br>\n\u2013 Lagrimitas de pollo con salsa chili agridulce.<br>\n\u2013 Ensalada de queso feta.<br>\n\u2013 Bruschetta de tomate.<br>\n\u2013 Mel\u00f3n con jam\u00f3n serrano.<br>\n\u2013 Pat\u00e9 casero con mermelada de frambuesa<br>\n\n\u2013 C\u00f3ctel de langostinos (1,95\u20ac extra).<br>\n\u2013 Camembert frito con arandano (1,95\u20ac extra).<br>\n\u2013 Langostinos al pil pil (1,95\u20ac extra).<\/p><\/div>\n\t\t\t\t\t\t\t\t\t\t\t            <\/div><div class=\"narep-food-menu-item-wrap zoom-image no-img\">\n\t\t\t\t\t\t\t\t\t\t\t              <div class=\"narep-food-menu-info\"><h4 class=\"narep-food-menu-title\"><span class=\"food-title\">Segundo Plato<\/span><\/h4><p>\u2013 Filete de pollo en salsa de espinacas (nata).<br>\n\u2013 Lomo de cerdo a la pimienta.<br>\n\u2013 Lasa\u00f1a de ternera.<br>\n- Pasta carbonara (nata, bacon y champi\u00f1ones) + (1,95 para pasta sin gluten).<br>\n\u2013 Pescado en salsa marinera con langostinos y mejillones.(picante)<br>\n\u2013 Pollo al curry.<br>\n\u2013 Chuleta de cerdo en salsa de manzana con cebolla y champi\u00f1ones.<br>\n\u2013 Costillas en salsa barbacoa.<br>\n- Canelloni de espinacas<br>\n\u2013 Salm\u00f3n Noruego marinado en gengibre, chili dulce y lim\u00f3n (3,95\u20ac Extra).<br>\n\u2013 La carne y el pescado vienen \n acompa\u00f1ados con patatas \u00f3 arroz\ny verduras frescas \u00f3 ensalada.<\/p><\/div>\n\t\t\t\t\t\t\t\t\t\t\t            <\/div><div class=\"narep-food-menu-item-wrap zoom-image no-img\">\n\t\t\t\t\t\t\t\t\t\t\t              <div class=\"narep-food-menu-info\"><h4 class=\"narep-food-menu-title\"><span class=\"food-title\">Postre \u00f3 Caf\u00e9<span class=\"food-label\">All our desserts are homemade<\/span><\/span><\/h4><p>\u2013 Helado.<br>\n\u2013 Arroz con Leche.<br>\n\u2013 Flan de vainilla.<br>\n\u2013 Sorbete de lim\u00f3n.<br>\n\u2013 Mousse de chocolate.<br>\n\u2013 Bannoffee pie.<br>\n\u2013 Pannacotta.<br>\n\u2013 Tarta de lim\u00f3n con merengue y helado de vainilla (1,95\u20ac extra).<br>\n\u2013 Tarta de queso (1,95\u20ac extra).<br>\n\u2013 Brownie de chocolate con helado de vainilla (1,95\u20ac extra).<br>\n\u2013 Tiramis\u00fa (1,95\u20ac extra).<br>\n\u2013 Tarta de Manzana (1,95\u20ac extra).\n\u2013\u201cLiqueur Coffee\u201d* (2,25\u20ac extra)\n\n*\u201cLiqueur Coffee\u201d: Caf\u00e9 con licor. P. ej.: Caf\u00e9 irland\u00e9s, Calypso, Carajillo con Baileys, etc...<\/p><\/div>\n\t\t\t\t\t\t\t\t\t\t\t            <\/div><\/div>\t\t\t\t<\/div>\n\t\t\t\t<\/div>\n\t\t\t\t<div class=\"elementor-element elementor-element-b1e5f33 elementor-widget elementor-widget-narestaurant_unique_specialties\" data-id=\"b1e5f33\" data-element_type=\"widget\" data-e-type=\"widget\" data-settings=\"{&quot;specialties_image&quot;:{&quot;url&quot;:&quot;https:\\\/\\\/www.restaurantedominique.com\\\/wp-content\\\/plugins\\\/elementor\\\/assets\\\/images\\\/placeholder.png&quot;,&quot;id&quot;:&quot;&quot;,&quot;size&quot;:&quot;&quot;}}\" data-widget_type=\"narestaurant_unique_specialties.default\">\n\t\t\t\t<div class=\"elementor-widget-container\">\n\t\t\t\t\t<div class=\"narep-specialties-item\">\n\t              <div class=\"nich-row\">\n\t                <div class=\"nich-col-md-12\"><\/div>\n\t                <div class=\"nich-col-md-12\">\n\t                  <div class=\"narep-specialties-info\">\n\t                    <h4 class=\"narep-specialties-title\">Daily menu<\/h4><p>19,55\u20ac<\/p>\n\t                    <ul class=\"narep-bullet-list\"><li>ALL OUR PRICES INCLUDE VAT. (Prices valid except typographical error.)<\/li><\/ul>\n\t                  <\/div>\n\t                <\/div>\n\t              <\/div>\n\t            <\/div>\t\t\t\t<\/div>\n\t\t\t\t<\/div>\n\t\t\t\t\t<\/div>\n\t\t<\/div>\n\t\t\t\t<div class=\"elementor-column elementor-col-50 elementor-inner-column elementor-element elementor-element-21528ac\" data-id=\"21528ac\" data-element_type=\"column\" data-e-type=\"column\">\n\t\t\t<div class=\"elementor-widget-wrap elementor-element-populated\">\n\t\t\t\t\t\t<div class=\"elementor-element elementor-element-8dc2799 elementor-widget elementor-widget-narestaurant_unique_food_menu\" data-id=\"8dc2799\" data-element_type=\"widget\" data-e-type=\"widget\" data-widget_type=\"narestaurant_unique_food_menu.default\">\n\t\t\t\t<div class=\"elementor-widget-container\">\n\t\t\t\t\t<div class=\"narep-food-menu-wrap\"><div class=\"narep-food-menu-item-wrap zoom-image no-img\">\n\t\t\t\t\t\t\t\t\t\t\t              <div class=\"narep-food-menu-info\"><h4 class=\"narep-food-menu-title\"><span class=\"food-title\">Croquetas de pollo con patatas<\/span><span class=\"food-price\">7,25 \u20ac<\/span><\/h4><\/div>\n\t\t\t\t\t\t\t\t\t\t\t            <\/div><div class=\"narep-food-menu-item-wrap zoom-image no-img\">\n\t\t\t\t\t\t\t\t\t\t\t              <div class=\"narep-food-menu-info\"><h4 class=\"narep-food-menu-title\"><span class=\"food-title\">Croquetas de jam\u00f3n con patatas<\/span><span class=\"food-price\">7,25 \u20ac<\/span><\/h4><\/div>\n\t\t\t\t\t\t\t\t\t\t\t            <\/div><div class=\"narep-food-menu-item-wrap zoom-image no-img\">\n\t\t\t\t\t\t\t\t\t\t\t              <div class=\"narep-food-menu-info\"><h4 class=\"narep-food-menu-title\"><span class=\"food-title\">Nugget de pollo con patatas<\/span><span class=\"food-price\">7,25 \u20ac<\/span><\/h4><\/div>\n\t\t\t\t\t\t\t\t\t\t\t            <\/div><div class=\"narep-food-menu-item-wrap zoom-image no-img\">\n\t\t\t\t\t\t\t\t\t\t\t              <div class=\"narep-food-menu-info\"><h4 class=\"narep-food-menu-title\"><span class=\"food-title\">Escalope de lomo con patatas<\/span><span class=\"food-price\">7,25<\/span><\/h4><\/div>\n\t\t\t\t\t\t\t\t\t\t\t            <\/div><div class=\"narep-food-menu-item-wrap zoom-image no-img\">\n\t\t\t\t\t\t\t\t\t\t\t              <div class=\"narep-food-menu-info\"><h4 class=\"narep-food-menu-title\"><span class=\"food-title\">Filete de pollo empanado con patatas<\/span><span class=\"food-price\">7,25 \u20ac<\/span><\/h4><\/div>\n\t\t\t\t\t\t\t\t\t\t\t            <\/div><div class=\"narep-food-menu-item-wrap zoom-image no-img\">\n\t\t\t\t\t\t\t\t\t\t\t              <div class=\"narep-food-menu-info\"><h4 class=\"narep-food-menu-title\"><span class=\"food-title\">Spaghetti bolo\u00f1esa <\/span><span class=\"food-price\">7,25 \u20ac<\/span><\/h4><\/div>\n\t\t\t\t\t\t\t\t\t\t\t            <\/div><\/div>\t\t\t\t<\/div>\n\t\t\t\t<\/div>\n\t\t\t\t<div class=\"elementor-element elementor-element-be2f19b elementor-widget-divider--view-line elementor-widget elementor-widget-divider\" data-id=\"be2f19b\" data-element_type=\"widget\" data-e-type=\"widget\" data-widget_type=\"divider.default\">\n\t\t\t\t<div class=\"elementor-widget-container\">\n\t\t\t\t\t\t\t<div class=\"elementor-divider\">\n\t\t\t<span class=\"elementor-divider-separator\">\n\t\t\t\t\t\t<\/span>\n\t\t<\/div>\n\t\t\t\t\t\t<\/div>\n\t\t\t\t<\/div>\n\t\t\t\t\t<\/div>\n\t\t<\/div>\n\t\t\t\t\t<\/div>\n\t\t<\/section>\n\t\t\t\t\t<\/div>\n\t\t<\/div>\n\t\t\t\t\t<\/div>\n\t\t<\/section>\n\t\t\t\t<section class=\"elementor-section elementor-top-section elementor-element elementor-element-e4c10c3 elementor-section-boxed elementor-section-height-default elementor-section-height-default\" data-id=\"e4c10c3\" data-element_type=\"section\" data-e-type=\"section\" data-settings=\"{&quot;background_background&quot;:&quot;classic&quot;}\">\n\t\t\t\t\t\t<div class=\"elementor-container elementor-column-gap-no\">\n\t\t\t\t\t<div class=\"elementor-column elementor-col-100 elementor-top-column elementor-element elementor-element-7f6032e\" data-id=\"7f6032e\" data-element_type=\"column\" data-e-type=\"column\">\n\t\t\t<div class=\"elementor-widget-wrap elementor-element-populated\">\n\t\t\t\t\t\t<div class=\"elementor-element elementor-element-7a3f36c elementor-widget elementor-widget-pizzercontactus2\" data-id=\"7a3f36c\" data-element_type=\"widget\" data-e-type=\"widget\" data-widget_type=\"pizzercontactus2.default\">\n\t\t\t\t<div class=\"elementor-widget-container\">\n\t\t\t\t\t<div class=\"row\"><div class=\"col-xl-7\"><div class=\"title-area text-center text-xl-start mb-30\"><span class=\"sub-title\">For events and special dinners.<\/span><h2 class=\"sec-title text-white\">Make your reservation.<\/h2><\/div>\n<div class=\"wpcf7 no-js\" id=\"wpcf7-f3723-o1\" lang=\"en-US\" dir=\"ltr\" data-wpcf7-id=\"3723\">\n<div class=\"screen-reader-response\"><p role=\"status\" aria-live=\"polite\" aria-atomic=\"true\"><\/p> <ul><\/ul><\/div>\n<form action=\"\/en\/wp-json\/wp\/v2\/pages\/53#wpcf7-f3723-o1\" method=\"post\" class=\"wpcf7-form init\" aria-label=\"Contact form\" novalidate=\"novalidate\" data-status=\"init\" data-trp-original-action=\"\/en\/wp-json\/wp\/v2\/pages\/53#wpcf7-f3723-o1\">\n<fieldset class=\"hidden-fields-container\"><input type=\"hidden\" name=\"_wpcf7\" value=\"3723\" \/><input type=\"hidden\" name=\"_wpcf7_version\" value=\"6.1.5\" \/><input type=\"hidden\" name=\"_wpcf7_locale\" value=\"en_US\" \/><input type=\"hidden\" name=\"_wpcf7_unit_tag\" value=\"wpcf7-f3723-o1\" \/><input type=\"hidden\" name=\"_wpcf7_container_post\" value=\"0\" \/><input type=\"hidden\" name=\"_wpcf7_posted_data_hash\" value=\"\" \/><input type=\"hidden\" name=\"_wpcf7_recaptcha_response\" value=\"\" \/>\n<\/fieldset>\n<div class=\"booking-form3\">\n    <div class=\"row\">\n        <div class=\"form-group col-md-6\">\n            <span class=\"wpcf7-form-control-wrap\" data-name=\"text-fecha\"><input size=\"40\" maxlength=\"400\" class=\"wpcf7-form-control wpcf7-text wpcf7-validates-as-required form-control rounded-2 date-pick\" id=\"text-fecha\" aria-required=\"true\" aria-invalid=\"false\" placeholder=\"Choose date.\" value=\"\" type=\"text\" name=\"text-fecha\" \/><\/span><i class=\"far fa-calendar-days\"><\/i>\n        <\/div>\n        <div class=\"form-group col-md-6\">\n            <span class=\"wpcf7-form-control-wrap\" data-name=\"text-hora\"><input size=\"40\" maxlength=\"400\" class=\"wpcf7-form-control wpcf7-text wpcf7-validates-as-required form-control rounded-2 time-pick\" id=\"text-hora\" aria-required=\"true\" aria-invalid=\"false\" placeholder=\"Arrival time.\" value=\"\" type=\"text\" name=\"text-hora\" \/><\/span>\n            <i class=\"far fa-clock\"><\/i>\n        <\/div>\n <div class=\"form-group col-md-6\">\n            <span class=\"wpcf7-form-control-wrap\" data-name=\"text-nombre\"><input size=\"40\" maxlength=\"400\" class=\"wpcf7-form-control wpcf7-text wpcf7-validates-as-required form-control rounded-2\" id=\"text-nombre\" aria-required=\"true\" aria-invalid=\"false\" placeholder=\"Name\" value=\"\" type=\"text\" name=\"text-nombre\" \/><\/span><i class=\"far fa-calendar-days\"><\/i>\n        <\/div>\n        <div class=\"form-group col-md-6\">\n            <span class=\"wpcf7-form-control-wrap\" data-name=\"tel-785\"><input size=\"40\" maxlength=\"400\" class=\"wpcf7-form-control wpcf7-tel wpcf7-validates-as-required wpcf7-text wpcf7-validates-as-tel form-control rounded-2\" id=\"tel-785\" aria-required=\"true\" aria-invalid=\"false\" placeholder=\"Phone\" value=\"\" type=\"tel\" name=\"tel-785\" \/><\/span>\n            <i class=\"far fa-phone\"><\/i>\n        <\/div>\n        <div class=\"form-group col-12\">\n            <span class=\"wpcf7-form-control-wrap\" data-name=\"number-811\"><input class=\"wpcf7-form-control wpcf7-number wpcf7-validates-as-number form-control rounded-2\" id=\"number-811\" aria-invalid=\"false\" placeholder=\"Total guests.\" value=\"\" type=\"number\" name=\"number-811\" \/><\/span>\n            <i class=\"far fa-user-group\"><\/i>\n        <\/div>\n        <div class=\"form-group col-12\">\n            <span class=\"wpcf7-form-control-wrap\" data-name=\"textarea-493\"><textarea cols=\"40\" rows=\"10\" maxlength=\"2000\" class=\"wpcf7-form-control wpcf7-textarea form-control rounded-2\" id=\"textarea-493\" aria-invalid=\"false\" placeholder=\"Additional message.\" name=\"textarea-493\"><\/textarea><\/span><\/textarea>\n            <i class=\"far fa-comment\"><\/i>\n        <\/div>\n        <div class=\"form-btn col-12 text-center text-xl-start\">\n            <button class=\"th-btn style3 rounded-2 wpcf7\">Make your reservation.<i class=\"fa-solid fa-arrow-right ms-2\"><\/i><\/button>\n        <\/div>\n    <\/div>\n    <p class=\"form-messages mb-0 mt-3\"><\/p>\n<\/div><div class=\"wpcf7-response-output\" aria-hidden=\"true\"><\/div>\n<input type=\"hidden\" name=\"trp-form-language\" value=\"en\"\/><\/form>\n<\/div>\n<\/div><\/div>\t\t\t\t<\/div>\n\t\t\t\t<\/div>\n\t\t\t\t\t<\/div>\n\t\t<\/div>\n\t\t\t\t\t<\/div>\n\t\t<\/section>\n\t\t\t\t<\/div>","protected":false},"excerpt":{"rendered":"<p>Siempre fresco Los mejores platos, solo en Dominique\u00b4s Men\u00fa del d\u00eda 19,55\u20ac Disponible hasta las 21:00 hrs. Excepto domingos y festivos de 13:30 -16:30 hrs.ecialties Incluye pan y mantequilla Bebida no incluida Plato Infantil 7,25\u20ac HASTA LOS DIEZ A\u00d1OS Un Plato a Elegir. Bebida y Postre opcional a parte. Primer plato \u2013 Sopa del d\u00eda&#8230;.<\/p>","protected":false},"author":4,"featured_media":0,"parent":0,"menu_order":0,"comment_status":"closed","ping_status":"closed","template":"template-builder.php","meta":{"footnotes":""},"class_list":["post-53","page","type-page","status-publish","hentry"],"_links":{"self":[{"href":"https:\/\/www.restaurantedominique.com\/en\/wp-json\/wp\/v2\/pages\/53","targetHints":{"allow":["GET"]}}],"collection":[{"href":"https:\/\/www.restaurantedominique.com\/en\/wp-json\/wp\/v2\/pages"}],"about":[{"href":"https:\/\/www.restaurantedominique.com\/en\/wp-json\/wp\/v2\/types\/page"}],"author":[{"embeddable":true,"href":"https:\/\/www.restaurantedominique.com\/en\/wp-json\/wp\/v2\/users\/4"}],"replies":[{"embeddable":true,"href":"https:\/\/www.restaurantedominique.com\/en\/wp-json\/wp\/v2\/comments?post=53"}],"version-history":[{"count":86,"href":"https:\/\/www.restaurantedominique.com\/en\/wp-json\/wp\/v2\/pages\/53\/revisions"}],"predecessor-version":[{"id":5916,"href":"https:\/\/www.restaurantedominique.com\/en\/wp-json\/wp\/v2\/pages\/53\/revisions\/5916"}],"wp:attachment":[{"href":"https:\/\/www.restaurantedominique.com\/en\/wp-json\/wp\/v2\/media?parent=53"}],"curies":[{"name":"wp","href":"https:\/\/api.w.org\/{rel}","templated":true}]}}