{"id":47,"date":"2022-11-16T08:31:14","date_gmt":"2022-11-16T08:31:14","guid":{"rendered":"https:\/\/angfuzsoft.com\/wordpress\/pizzer\/?page_id=47"},"modified":"2023-07-20T08:12:52","modified_gmt":"2023-07-20T08:12:52","slug":"quienes-somos","status":"publish","type":"page","link":"https:\/\/www.restaurantedominique.com\/en\/quienes-somos","title":{"rendered":"About us"},"content":{"rendered":"<div data-elementor-type=\"wp-page\" data-elementor-id=\"47\" class=\"elementor elementor-47\" data-elementor-post-type=\"page\">\n\t\t\t\t\t\t<section class=\"elementor-section elementor-top-section elementor-element elementor-element-ede488a elementor-section-full_width elementor-section-height-default elementor-section-height-default\" data-id=\"ede488a\" data-element_type=\"section\" data-e-type=\"section\">\n\t\t\t\t\t\t<div class=\"elementor-container elementor-column-gap-no\">\n\t\t\t\t\t<div class=\"elementor-column elementor-col-100 elementor-top-column elementor-element elementor-element-77d5872\" data-id=\"77d5872\" data-element_type=\"column\" data-e-type=\"column\">\n\t\t\t<div class=\"elementor-widget-wrap elementor-element-populated\">\n\t\t\t\t\t\t<section class=\"elementor-section elementor-inner-section elementor-element elementor-element-23b9d76 elementor-section-boxed elementor-section-height-default elementor-section-height-default\" data-id=\"23b9d76\" data-element_type=\"section\" data-e-type=\"section\">\n\t\t\t\t\t\t<div class=\"elementor-container elementor-column-gap-no\">\n\t\t\t\t\t<div class=\"elementor-column elementor-col-50 elementor-inner-column elementor-element elementor-element-1b77566\" data-id=\"1b77566\" data-element_type=\"column\" data-e-type=\"column\">\n\t\t\t<div class=\"elementor-widget-wrap elementor-element-populated\">\n\t\t\t\t \t\t<div class=\"elementor-element elementor-element-8ccebb0 elementor-widget elementor-widget-pizzergroupimage2\" data-id=\"8ccebb0\" data-element_type=\"widget\" data-e-type=\"widget\" data-widget_type=\"pizzergroupimage2.default\">\n\t\t\t\t<div class=\"elementor-widget-container\">\n\t\t\t\t\t<div class=\"img-box6\"><div class=\"img1\"><img decoding=\"async\" src=\"https:\/\/themeholy.com\/wordpress\/pizzan\/wp-content\/uploads\/2023\/06\/about_6_1.png\" alt=\"Restaurante%20Dominique\"  \/><\/div><div class=\"img2\"><img decoding=\"async\" src=\"https:\/\/siatuweb.restaurantedominique.com\/wp-content\/uploads\/2023\/06\/hero_img_6_1.png\" alt=\"Restaurante%20Dominique\"  \/><\/div><\/div>\t\t\t\t<\/div>\n\t\t\t\t<\/div>\n\t\t\t\t\t<\/div>\n\t\t<\/div>\n\t\t\t\t<div class=\"elementor-column elementor-col-50 elementor-inner-column elementor-element elementor-element-a2eee84\" data-id=\"a2eee84\" data-element_type=\"column\" data-e-type=\"column\">\n\t\t\t<div class=\"elementor-widget-wrap elementor-element-populated\">\n\t\t\t\t\t\t<div class=\"elementor-element elementor-element-901eadb elementor-widget-tablet__width-initial elementor-widget elementor-widget-pizzersectiontitle\" data-id=\"901eadb\" data-element_type=\"widget\" data-e-type=\"widget\" data-widget_type=\"pizzersectiontitle.default\">\n\t\t\t\t<div class=\"elementor-widget-container\">\n\t\t\t\t\t<div class=\"title-area mb-30\" ><h2 class=\"sec-title title-selector\">Dominique\u00b4s <\/h2><p class=\"desc-selector mt-n2 mb-4\">Somos un restaurante familiar que estamos abiertos desde diciembre 2005. Siendo un restaurante, pizzer\u00eda, estamos en el paseo Mar\u00edtimo de los boliches en Fuengirola. Aqu\u00ed ofrecemos una gran variedad de Tostas, ensaladas, pizzas, pasta, s\u00e1ndwiches, hamburguesas, carnes y cerveza. Siendo nuestros postres caseros. Muy importante disponemos de \u00a1\u00a1\u00a1Comida para celiacos!!!<\/p><\/div>\t\t\t\t<\/div>\n\t\t\t\t<\/div>\n\t\t\t\t\t<\/div>\n\t\t<\/div>\n\t\t\t\t\t<\/div>\n\t\t<\/section>\n\t\t\t\t\t<\/div>\n\t\t<\/div>\n\t\t\t\t\t<\/div>\n\t\t<\/section>\n\t\t\t\t<section class=\"elementor-section elementor-top-section elementor-element elementor-element-eb8a9ee elementor-section-boxed elementor-section-height-default elementor-section-height-default\" data-id=\"eb8a9ee\" data-element_type=\"section\" data-e-type=\"section\">\n\t\t\t\t\t\t<div class=\"elementor-container elementor-column-gap-no\">\n\t\t\t\t\t<div class=\"elementor-column elementor-col-100 elementor-top-column elementor-element elementor-element-1c7eb6e\" data-id=\"1c7eb6e\" data-element_type=\"column\" data-e-type=\"column\">\n\t\t\t<div class=\"elementor-widget-wrap elementor-element-populated\">\n\t\t\t\t\t\t<section class=\"elementor-section elementor-inner-section elementor-element elementor-element-0bcad62 elementor-section-content-middle elementor-section-boxed elementor-section-height-default elementor-section-height-default\" data-id=\"0bcad62\" data-element_type=\"section\" data-e-type=\"section\">\n\t\t\t\t\t\t<div class=\"elementor-container elementor-column-gap-no\">\n\t\t\t\t\t<div class=\"elementor-column elementor-col-50 elementor-inner-column elementor-element elementor-element-606a17d\" data-id=\"606a17d\" data-element_type=\"column\" data-e-type=\"column\">\n\t\t\t<div class=\"elementor-widget-wrap elementor-element-populated\">\n\t\t\t\t\t\t<div class=\"elementor-element elementor-element-825c77a elementor-widget-tablet__width-initial elementor-widget elementor-widget-pizzersectiontitle\" data-id=\"825c77a\" data-element_type=\"widget\" data-e-type=\"widget\" data-widget_type=\"pizzersectiontitle.default\">\n\t\t\t\t<div class=\"elementor-widget-container\">\n\t\t\t\t\t<div class=\"title-area mb-30\" ><p class=\"desc-selector mt-n2 mb-4\">We are very proud of the food we serve, and we strive to ensure that each of our customers is satisfied and eager to return. We also offer a children's menu and children's portions from our menu.<\/p><\/div>\t\t\t\t<\/div>\n\t\t\t\t<\/div>\n\t\t\t\t\t<\/div>\n\t\t<\/div>\n\t\t\t\t<div class=\"elementor-column elementor-col-50 elementor-inner-column elementor-element elementor-element-62acb5a\" data-id=\"62acb5a\" data-element_type=\"column\" data-e-type=\"column\">\n\t\t\t<div class=\"elementor-widget-wrap elementor-element-populated\">\n\t\t\t\t\t\t<div class=\"elementor-element elementor-element-68ca0a7 elementor-widget elementor-widget-pizzerfeaturev2\" data-id=\"68ca0a7\" data-element_type=\"widget\" data-e-type=\"widget\" data-widget_type=\"pizzerfeaturev2.default\">\n\t\t\t\t<div class=\"elementor-widget-container\">\n\t\t\t\t\t<div class=\"row gy-4 justify-content-center\"><div class=\"col-lg-4 col-sm-6\"><div class=\"why-feature\"><div class=\"why-feature_icon\"><img decoding=\"async\" src=\"https:\/\/themeholy.com\/wordpress\/pizzan\/wp-content\/uploads\/2023\/06\/why_feature_1.svg\" alt=\"Restaurante%20Dominique\"  \/><\/div><h3 class=\"why-feature_title\">Comida de Calidad<\/h3><\/div><\/div><div class=\"col-lg-4 col-sm-6\"><div class=\"why-feature\"><div class=\"why-feature_icon\"><img decoding=\"async\" src=\"https:\/\/themeholy.com\/wordpress\/pizzan\/wp-content\/uploads\/2023\/06\/why_feature_2.svg\" alt=\"Restaurante%20Dominique\"  \/><\/div><h3 class=\"why-feature_title\">Reservas y eventos<\/h3><\/div><\/div><div class=\"col-lg-4 col-sm-6\"><div class=\"why-feature\"><div class=\"why-feature_icon\"><img decoding=\"async\" src=\"https:\/\/themeholy.com\/wordpress\/pizzan\/wp-content\/uploads\/2023\/06\/why_feature_3.svg\" alt=\"Restaurante%20Dominique\"  \/><\/div><h3 class=\"why-feature_title\">Tambi\u00e9n para llevar<\/h3><\/div><\/div><\/div>\t\t\t\t<\/div>\n\t\t\t\t<\/div>\n\t\t\t\t\t<\/div>\n\t\t<\/div>\n\t\t\t\t\t<\/div>\n\t\t<\/section>\n\t\t\t\t\t<\/div>\n\t\t<\/div>\n\t\t\t\t\t<\/div>\n\t\t<\/section>\n\t\t\t\t<section class=\"elementor-section elementor-top-section elementor-element elementor-element-a70c6da elementor-section-full_width elementor-section-height-default elementor-section-height-default\" data-id=\"a70c6da\" data-element_type=\"section\" data-e-type=\"section\" data-settings=\"{&quot;background_background&quot;:&quot;classic&quot;}\">\n\t\t\t\t\t\t<div class=\"elementor-container elementor-column-gap-no\">\n\t\t\t\t\t<div class=\"elementor-column elementor-col-100 elementor-top-column elementor-element elementor-element-b250150\" data-id=\"b250150\" data-element_type=\"column\" data-e-type=\"column\">\n\t\t\t<div class=\"elementor-widget-wrap elementor-element-populated\">\n\t\t\t\t\t\t<div class=\"elementor-element elementor-element-afc9503 elementor-hidden-mobile elementor-widget elementor-widget-pizzershapeimage\" data-id=\"afc9503\" data-element_type=\"widget\" data-e-type=\"widget\" data-widget_type=\"pizzershapeimage.default\">\n\t\t\t\t<div class=\"elementor-widget-container\">\n\t\t\t\t\t<!-- Image --><div class=\"shape-mockup  jump\" data-top=\"40%\" data-left=\"5%\"><img decoding=\"async\" src=\"https:\/\/themeholy.com\/wordpress\/pizzan\/wp-content\/uploads\/2023\/06\/french_fry.png\" alt=\"Restaurante Dominique\" ><\/div><!-- End Image -->\t\t\t\t<\/div>\n\t\t\t\t<\/div>\n\t\t\t\t<div class=\"elementor-element elementor-element-7dcf675 elementor-hidden-mobile elementor-widget elementor-widget-pizzershapeimage\" data-id=\"7dcf675\" data-element_type=\"widget\" data-e-type=\"widget\" data-widget_type=\"pizzershapeimage.default\">\n\t\t\t\t<div class=\"elementor-widget-container\">\n\t\t\t\t\t<!-- Image --><div class=\"shape-mockup  movingX\" data-bottom=\"10%\" data-right=\"4%\"><img decoding=\"async\" src=\"https:\/\/themeholy.com\/wordpress\/pizzan\/wp-content\/uploads\/2023\/06\/tomato_6.png\" alt=\"Restaurante Dominique\" ><\/div><!-- End Image -->\t\t\t\t<\/div>\n\t\t\t\t<\/div>\n\t\t\t\t<section class=\"elementor-section elementor-inner-section elementor-element elementor-element-b42f303 elementor-section-boxed elementor-section-height-default elementor-section-height-default\" data-id=\"b42f303\" data-element_type=\"section\" data-e-type=\"section\">\n\t\t\t\t\t\t<div class=\"elementor-container elementor-column-gap-default\">\n\t\t\t\t\t<div class=\"elementor-column elementor-col-50 elementor-inner-column elementor-element elementor-element-5fd9dc5\" data-id=\"5fd9dc5\" data-element_type=\"column\" data-e-type=\"column\">\n\t\t\t<div class=\"elementor-widget-wrap elementor-element-populated\">\n\t\t\t\t\t\t<div class=\"elementor-element elementor-element-cdb1301 elementor-widget elementor-widget-pizzersectiontitle\" data-id=\"cdb1301\" data-element_type=\"widget\" data-e-type=\"widget\" data-widget_type=\"pizzersectiontitle.default\">\n\t\t\t\t<div class=\"elementor-widget-container\">\n\t\t\t\t\t<div class=\"title-area mb-30\" ><span class=\"sub-title subtitle-selector\">Tu opini\u00f3n nos interesa\n\n<\/span><h2 class=\"sec-title title-selector\">Opiniones Triadvisor\n<\/h2><\/div>\t\t\t\t<\/div>\n\t\t\t\t<\/div>\n\t\t\t\t<div class=\"elementor-element elementor-element-a314342 elementor-widget-tablet__width-auto elementor-widget elementor-widget-pizzersliderarrow\" data-id=\"a314342\" data-element_type=\"widget\" data-e-type=\"widget\" data-widget_type=\"pizzersliderarrow.default\">\n\t\t\t\t<div class=\"elementor-widget-container\">\n\t\t\t\t\t<div class=\"sec-btn\"><div class=\"icon-box\"><button data-slick-prev=\"#p_001\" class=\"slick-arrow default\"><i class=\"far fa-arrow-left\"><\/i><\/button><button data-slick-next=\"#p_001\" class=\"slick-arrow default\"><i class=\"far fa-arrow-right\"><\/i><\/button><\/div><\/div>\t\t\t\t<\/div>\n\t\t\t\t<\/div>\n\t\t\t\t\t<\/div>\n\t\t<\/div>\n\t\t\t\t<div class=\"elementor-column elementor-col-50 elementor-inner-column elementor-element elementor-element-ce5752a\" data-id=\"ce5752a\" data-element_type=\"column\" data-e-type=\"column\">\n\t\t\t<div class=\"elementor-widget-wrap elementor-element-populated\">\n\t\t\t\t\t\t<div class=\"elementor-element elementor-element-7e94d9b elementor-widget elementor-widget-pizzertestimonialslider2\" data-id=\"7e94d9b\" data-element_type=\"widget\" data-e-type=\"widget\" data-widget_type=\"pizzertestimonialslider2.default\">\n\t\t\t\t<div class=\"elementor-widget-container\">\n\t\t\t\t\t<!-----------------------Start Testimonials Area-----------------------><div class=\"row testi-carousel-3\" id=\"p_001\"><div class=\"col-xl-4 col-lg-6\"><div class=\"testi-block\"><div class=\"testi-block_shape\"><img decoding=\"async\" src=\"https:\/\/themeholy.com\/wordpress\/pizzan\/wp-content\/uploads\/2023\/06\/testi-block_bg.png\" alt=\"Restaurante%20Dominique\"  \/><\/div><div class=\"testi-block_profile\"><div class=\"testi-block_avater\"><img decoding=\"async\" src=\"https:\/\/siatuweb.restaurantedominique.com\/wp-content\/uploads\/2023\/07\/cropped-flamencologo.png\" alt=\"Restaurante%20Dominique\"  \/><div class=\"testi-block_quote\"><img decoding=\"async\" src=\"https:\/\/themeholy.com\/wordpress\/pizzan\/wp-content\/uploads\/2023\/06\/quote_1.svg\" alt=\"Restaurante%20Dominique\"  \/><\/div><\/div><div class=\"media-body\"><div class=\"testi-block_review\"><i class=\"fa-sharp fa-solid fa-star\"><\/i><i class=\"fa-sharp fa-solid fa-star\"><\/i><i class=\"fa-sharp fa-solid fa-star\"><\/i><i class=\"fa-sharp fa-solid fa-star\"><\/i><i class=\"fa-sharp fa-solid fa-star\"><\/i><\/div><h3 class=\"testi-block_name\">Flamencologo<\/h3><\/div><\/div><p class=\"testi-block_text\">Fuimos a cenar y al pedir la comida, la chica nos aconsejo quitar un plato ya que lo que hab\u00edamos pedido iba a venir de sobra, y menos mal, porque acabamos s\u00faper llenos\u2026 <\/p><\/div><\/div><div class=\"col-xl-4 col-lg-6\"><div class=\"testi-block\"><div class=\"testi-block_shape\"><img decoding=\"async\" src=\"https:\/\/themeholy.com\/wordpress\/pizzan\/wp-content\/uploads\/2023\/06\/testi-block_bg.png\" alt=\"Restaurante%20Dominique\"  \/><\/div><div class=\"testi-block_profile\"><div class=\"testi-block_avater\"><img decoding=\"async\" src=\"https:\/\/siatuweb.restaurantedominique.com\/wp-content\/uploads\/2023\/07\/cropped-alfonso2412.png\" alt=\"Restaurante%20Dominique\"  \/><div class=\"testi-block_quote\"><img decoding=\"async\" src=\"https:\/\/themeholy.com\/wordpress\/pizzan\/wp-content\/uploads\/2023\/06\/quote_1.svg\" alt=\"Restaurante%20Dominique\"  \/><\/div><\/div><div class=\"media-body\"><div class=\"testi-block_review\"><i class=\"fa-sharp fa-solid fa-star\"><\/i><i class=\"fa-sharp fa-solid fa-star\"><\/i><i class=\"fa-sharp fa-solid fa-star\"><\/i><i class=\"fa-sharp fa-solid fa-star\"><\/i><i class=\"fa-sharp fa-solid fa-star\"><\/i><\/div><h3 class=\"testi-block_name\">Alfonso2412\n<\/h3><\/div><\/div><p class=\"testi-block_text\">Nosotros conocemos este restaurante desee hace a\u00f1os, es sin duda de lo mejor en pizza por la zona de fuengirola, calidad-precio muy bueno, sin duda volveremos como cada a\u00f1o!!!<\/p><\/div><\/div><div class=\"col-xl-4 col-lg-6\"><div class=\"testi-block\"><div class=\"testi-block_shape\"><img decoding=\"async\" src=\"https:\/\/themeholy.com\/wordpress\/pizzan\/wp-content\/uploads\/2023\/06\/testi-block_bg.png\" alt=\"Restaurante%20Dominique\"  \/><\/div><div class=\"testi-block_profile\"><div class=\"testi-block_avater\"><img decoding=\"async\" src=\"https:\/\/siatuweb.restaurantedominique.com\/wp-content\/uploads\/2023\/07\/cropped-Tarja119.png\" alt=\"Restaurante%20Dominique\"  \/><div class=\"testi-block_quote\"><img decoding=\"async\" src=\"https:\/\/themeholy.com\/wordpress\/pizzan\/wp-content\/uploads\/2023\/06\/quote_1.svg\" alt=\"Restaurante%20Dominique\"  \/><\/div><\/div><div class=\"media-body\"><div class=\"testi-block_review\"><i class=\"fa-sharp fa-solid fa-star\"><\/i><i class=\"fa-sharp fa-solid fa-star\"><\/i><i class=\"fa-sharp fa-solid fa-star\"><\/i><i class=\"fa-sharp fa-solid fa-star\"><\/i><i class=\"fa-sharp fa-solid fa-star\"><\/i><\/div><h3 class=\"testi-block_name\">Tarja119<\/h3><\/div><\/div><p class=\"testi-block_text\">Nos gusto la comida y su carta, todo salio bien. Muy bonito lugar y ambiente. Una visita agradable en compania.<\/p><\/div><\/div><\/div><!-----------------------End Testimonials Area----------------------->\t\t\t\t<\/div>\n\t\t\t\t<\/div>\n\t\t\t\t\t<\/div>\n\t\t<\/div>\n\t\t\t\t\t<\/div>\n\t\t<\/section>\n\t\t\t\t\t<\/div>\n\t\t<\/div>\n\t\t\t\t\t<\/div>\n\t\t<\/section>\n\t\t\t\t<section class=\"elementor-section elementor-top-section elementor-element elementor-element-3d95f16 elementor-section-full_width elementor-section-height-default elementor-section-height-default\" data-id=\"3d95f16\" data-element_type=\"section\" data-e-type=\"section\" data-settings=\"{&quot;background_background&quot;:&quot;classic&quot;}\">\n\t\t\t\t\t\t<div class=\"elementor-container elementor-column-gap-no\">\n\t\t\t\t\t<div class=\"elementor-column elementor-col-100 elementor-top-column elementor-element elementor-element-f26c040\" data-id=\"f26c040\" data-element_type=\"column\" data-e-type=\"column\">\n\t\t\t<div class=\"elementor-widget-wrap elementor-element-populated\">\n\t\t\t\t\t\t<div class=\"elementor-element elementor-element-ea0fa4e elementor-hidden-mobile elementor-widget elementor-widget-pizzershapeimage\" data-id=\"ea0fa4e\" data-element_type=\"widget\" data-e-type=\"widget\" data-widget_type=\"pizzershapeimage.default\">\n\t\t\t\t<div class=\"elementor-widget-container\">\n\t\t\t\t\t<!-- Image --><div class=\"shape-mockup  jump\" data-top=\"10%\" data-left=\"5%\"><img decoding=\"async\" src=\"https:\/\/themeholy.com\/wordpress\/pizzan\/wp-content\/uploads\/2023\/06\/cherry_1.png\" alt=\"Restaurante Dominique\" ><\/div><!-- End Image -->\t\t\t\t<\/div>\n\t\t\t\t<\/div>\n\t\t\t\t<div class=\"elementor-element elementor-element-cfd274f elementor-hidden-mobile elementor-widget elementor-widget-pizzershapeimage\" data-id=\"cfd274f\" data-element_type=\"widget\" data-e-type=\"widget\" data-widget_type=\"pizzershapeimage.default\">\n\t\t\t\t<div class=\"elementor-widget-container\">\n\t\t\t\t\t<!-- Image --><div class=\"shape-mockup  jump\" data-bottom=\"26%\" data-right=\"3%\"><img decoding=\"async\" src=\"https:\/\/themeholy.com\/wordpress\/pizzan\/wp-content\/uploads\/2023\/06\/shape_5.png\" alt=\"Restaurante Dominique\" ><\/div><!-- End Image -->\t\t\t\t<\/div>\n\t\t\t\t<\/div>\n\t\t\t\t<section class=\"elementor-section elementor-inner-section elementor-element elementor-element-6d78d18 elementor-section-boxed elementor-section-height-default elementor-section-height-default\" data-id=\"6d78d18\" data-element_type=\"section\" data-e-type=\"section\">\n\t\t\t\t\t\t<div class=\"elementor-container elementor-column-gap-no\">\n\t\t\t\t\t<div class=\"elementor-column elementor-col-100 elementor-inner-column elementor-element elementor-element-1b10442\" data-id=\"1b10442\" data-element_type=\"column\" data-e-type=\"column\">\n\t\t\t<div class=\"elementor-widget-wrap elementor-element-populated\">\n\t\t\t\t\t\t<div class=\"elementor-element elementor-element-eddea05 elementor-widget elementor-widget-pizzersectiontitle\" data-id=\"eddea05\" data-element_type=\"widget\" data-e-type=\"widget\" data-widget_type=\"pizzersectiontitle.default\">\n\t\t\t\t<div class=\"elementor-widget-container\">\n\t\t\t\t\t<div class=\"title-area mb-30\" ><h4 class=\"sec-title title-selector\">Abrimos 6 d\u00edas a la semana en temporada baja donde la cocina cierra a las 16:00 y vuelve a abrir a las 18:00 y en temporada alta la cocina est\u00e1 abierta todo el d\u00eda y el restaurante 7 d\u00edas a la semana.<\/h4><\/div>\t\t\t\t<\/div>\n\t\t\t\t<\/div>\n\t\t\t\t\t<\/div>\n\t\t<\/div>\n\t\t\t\t\t<\/div>\n\t\t<\/section>\n\t\t\t\t<section class=\"elementor-section elementor-inner-section elementor-element elementor-element-e586f9d elementor-section-boxed elementor-section-height-default elementor-section-height-default\" data-id=\"e586f9d\" data-element_type=\"section\" data-e-type=\"section\">\n\t\t\t\t\t\t<div class=\"elementor-container elementor-column-gap-no\">\n\t\t\t\t\t<div class=\"elementor-column elementor-col-100 elementor-inner-column elementor-element elementor-element-aabf069\" data-id=\"aabf069\" data-element_type=\"column\" data-e-type=\"column\">\n\t\t\t<div class=\"elementor-widget-wrap\">\n\t\t\t\t\t\t\t<\/div>\n\t\t<\/div>\n\t\t\t\t\t<\/div>\n\t\t<\/section>\n\t\t\t\t\t<\/div>\n\t\t<\/div>\n\t\t\t\t\t<\/div>\n\t\t<\/section>\n\t\t\t\t<\/div>","protected":false},"excerpt":{"rendered":"<p>Dominique\u00b4s Somos un restaurante familiar que estamos abiertos desde diciembre 2005. Siendo un restaurante, pizzer\u00eda, estamos en el paseo Mar\u00edtimo de los boliches en Fuengirola. Aqu\u00ed ofrecemos una gran variedad de Tostas, ensaladas, pizzas, pasta, s\u00e1ndwiches, hamburguesas, carnes y cerveza. Siendo nuestros postres caseros. Muy importante disponemos de \u00a1\u00a1\u00a1Comida para celiacos!!! Estamos muy orgullosos de&#8230;<\/p>","protected":false},"author":4,"featured_media":0,"parent":0,"menu_order":0,"comment_status":"closed","ping_status":"closed","template":"template-builder.php","meta":{"footnotes":""},"class_list":["post-47","page","type-page","status-publish","hentry"],"_links":{"self":[{"href":"https:\/\/www.restaurantedominique.com\/en\/wp-json\/wp\/v2\/pages\/47","targetHints":{"allow":["GET"]}}],"collection":[{"href":"https:\/\/www.restaurantedominique.com\/en\/wp-json\/wp\/v2\/pages"}],"about":[{"href":"https:\/\/www.restaurantedominique.com\/en\/wp-json\/wp\/v2\/types\/page"}],"author":[{"embeddable":true,"href":"https:\/\/www.restaurantedominique.com\/en\/wp-json\/wp\/v2\/users\/4"}],"replies":[{"embeddable":true,"href":"https:\/\/www.restaurantedominique.com\/en\/wp-json\/wp\/v2\/comments?post=47"}],"version-history":[{"count":27,"href":"https:\/\/www.restaurantedominique.com\/en\/wp-json\/wp\/v2\/pages\/47\/revisions"}],"predecessor-version":[{"id":5764,"href":"https:\/\/www.restaurantedominique.com\/en\/wp-json\/wp\/v2\/pages\/47\/revisions\/5764"}],"wp:attachment":[{"href":"https:\/\/www.restaurantedominique.com\/en\/wp-json\/wp\/v2\/media?parent=47"}],"curies":[{"name":"wp","href":"https:\/\/api.w.org\/{rel}","templated":true}]}}